{"id":756,"date":"2025-12-18T15:22:09","date_gmt":"2025-12-18T14:22:09","guid":{"rendered":"http:\/\/ceramicamunoz.local\/?page_id=756"},"modified":"2026-01-03T14:42:51","modified_gmt":"2026-01-03T13:42:51","slug":"tienda-online-en-mantenimiento","status":"publish","type":"page","link":"https:\/\/www.ceramicamunoz.com\/index.php\/tienda-online-en-mantenimiento\/","title":{"rendered":"Tienda Online en Mantenimiento"},"content":{"rendered":"\t\t<div data-elementor-type=\"wp-page\" data-elementor-id=\"756\" class=\"elementor elementor-756\">\n\t\t\t\t<div class=\"elementor-element elementor-element-e33f4c6 e-flex e-con-boxed e-con e-parent\" data-id=\"e33f4c6\" data-element_type=\"container\" data-settings=\"{&quot;background_background&quot;:&quot;classic&quot;}\">\n\t\t\t\t\t<div class=\"e-con-inner\">\n\t\t<div class=\"elementor-element elementor-element-8a6fbf0 e-con-full e-flex e-con e-child\" data-id=\"8a6fbf0\" data-element_type=\"container\" data-settings=\"{&quot;background_background&quot;:&quot;classic&quot;}\">\n\t\t\t\t<div class=\"elementor-element elementor-element-cafef67 elementor-widget elementor-widget-heading\" data-id=\"cafef67\" data-element_type=\"widget\" data-widget_type=\"heading.default\">\n\t\t\t\t\t<h2 class=\"elementor-heading-title elementor-size-default\"><a href=\"https:\/\/www.ceramicamunoz.com\/contacto\/\">Tienda online pr\u00f3ximamente\n<\/a><\/h2>\t\t\t\t<\/div>\n\t\t\t\t<div class=\"elementor-element elementor-element-790aa2d elementor-widget elementor-widget-text-editor\" data-id=\"790aa2d\" data-element_type=\"widget\" data-widget_type=\"text-editor.default\">\n\t\t\t\t\t\t\t\t\t<p>Estamos preparando nuestra tienda online para que puedas adquirir nuestras piezas de cer\u00e1mica artesanal de forma c\u00f3moda y segura.<\/p><p>Muy pronto estar\u00e1 disponible con env\u00edos, informaci\u00f3n de productos y opciones personalizadas.<\/p>\t\t\t\t\t\t\t\t<\/div>\n\t\t\t\t<div class=\"elementor-element elementor-element-6dba239 elementor-widget elementor-widget-text-editor\" data-id=\"6dba239\" data-element_type=\"widget\" data-widget_type=\"text-editor.default\">\n\t\t\t\t\t\t\t\t\t<p>Si est\u00e1s interesado en alg\u00fan producto o encargo especial, no dudes en ponerte en contacto con nosotros.<\/p>\t\t\t\t\t\t\t\t<\/div>\n\t\t\t\t<div class=\"elementor-element elementor-element-3d7f5fe elementor-align-center elementor-widget elementor-widget-button\" data-id=\"3d7f5fe\" data-element_type=\"widget\" data-widget_type=\"button.default\">\n\t\t\t\t\t\t\t\t\t\t<a class=\"elementor-button elementor-button-link elementor-size-sm\" href=\"https:\/\/www.ceramicamunoz.com\/index.php\/contacto\/\">\n\t\t\t\t\t\t<span class=\"elementor-button-content-wrapper\">\n\t\t\t\t\t\t\t\t\t<span class=\"elementor-button-text\">Contactar<\/span>\n\t\t\t\t\t<\/span>\n\t\t\t\t\t<\/a>\n\t\t\t\t\t\t\t\t<\/div>\n\t\t\t\t<\/div>\n\t\t\t\t\t<\/div>\n\t\t\t\t<\/div>\n\t\t<div class=\"elementor-element elementor-element-7aaaf3da e-con-full e-flex e-con e-parent\" data-id=\"7aaaf3da\" data-element_type=\"container\" data-settings=\"{&quot;background_background&quot;:&quot;classic&quot;}\">\n\t\t<div class=\"elementor-element elementor-element-5cd45c8 e-flex e-con-boxed e-con e-child\" data-id=\"5cd45c8\" data-element_type=\"container\">\n\t\t\t\t\t<div class=\"e-con-inner\">\n\t\t\t\t<div class=\"elementor-element elementor-element-1ec6eb27 elementor-widget__width-inherit elementor-widget-tablet__width-inherit elementor-widget elementor-widget-html\" data-id=\"1ec6eb27\" data-element_type=\"widget\" data-widget_type=\"html.default\">\n\t\t\t\t\t<div style=\"display:flex; gap:10px; align-items:center; justify-content:center;\">\r\n    <img decoding=\"async\" src=\"https:\/\/www.ceramicamunoz.com\/wp-content\/uploads\/2025\/12\/logo-200x200-footer.png\" style=\"width:100px;\">\r\n    <img decoding=\"async\" src=\"https:\/\/www.ceramicamunoz.com\/wp-content\/uploads\/2025\/12\/logo-artesania-andalucia.png\" style=\"width:100px;\">\r\n    <img decoding=\"async\" src=\"https:\/\/www.ceramicamunoz.com\/wp-content\/uploads\/2025\/12\/logo-camara-de-comercio-andujar-200.png\" style=\"width:100px;\">\r\n    <img decoding=\"async\" src=\"https:\/\/www.ceramicamunoz.com\/wp-content\/uploads\/2025\/12\/logo-agencia-andaluza-de-la-energia.png\" style=\"width:100px;\">\r\n    <img decoding=\"async\" src=\"https:\/\/www.ceramicamunoz.com\/wp-content\/uploads\/2025\/12\/LOGO-COLOR.png\" style=\"width:100px;\">\r\n    <img decoding=\"async\" src=\"https:\/\/www.ceramicamunoz.com\/wp-content\/uploads\/2025\/12\/ES_fundedbyEU_VERTICAL_RGB_POS.png\" style=\"width:100px;\">\r\n<\/div>\r\n\t\t\t\t<\/div>\n\t\t\t\t\t<\/div>\n\t\t\t\t<\/div>\n\t\t<div class=\"elementor-element elementor-element-e64066a e-con-full e-flex e-con e-child\" data-id=\"e64066a\" data-element_type=\"container\">\n\t\t\t\t<div class=\"elementor-element elementor-element-4bfd861 elementor-widget__width-inherit elementor-widget elementor-widget-text-editor\" data-id=\"4bfd861\" data-element_type=\"widget\" data-widget_type=\"text-editor.default\">\n\t\t\t\t\t\t\t\t\t<p style=\"text-align: center;\"><a href=\"https:\/\/www.ceramicamunoz.com\/\">Inicio<\/a><\/p><p style=\"text-align: center;\"><a style=\"color: #000000; text-decoration: none;\" href=\"https:\/\/www.ceramicamunoz.com\/index.php\/sobre-nosotros\/\">Sobre Nosotros<\/a><\/p><p style=\"text-align: center;\"><a style=\"color: #000000; text-decoration: none;\" href=\"https:\/\/www.ceramicamunoz.com\/index.php\/noticias\/\">Noticias<\/a><\/p><p style=\"text-align: center;\"><a style=\"color: #000000; text-decoration: none;\" href=\"https:\/\/www.ceramicamunoz.com\/index.php\/contacto\/\">Contacto<\/a><\/p><p style=\"text-align: center;\"><a style=\"color: #000000; text-decoration: none;\" href=\"https:\/\/www.ceramicamunoz.com\/index.php\/politica-de-privacidad\/\">Pol\u00edtica de Privacidad<\/a><\/p><p style=\"text-align: center;\"><a style=\"color: #000000; text-decoration: none;\" href=\"https:\/\/www.ceramicamunoz.com\/index.php\/aviso-legal\/\">Aviso Legal<\/a><\/p><p style=\"text-align: center;\"><a style=\"color: #000000; text-decoration: none;\" href=\"https:\/\/www.ceramicamunoz.com\/index.php\/politica-de-cookies\/\">Pol\u00edtica de Cookies<\/a><\/p><p><a href=\"https:\/\/www.ceramicamunoz.com\/index.php\/politica-de-accesibilidad\/\">Pol\u00edtica de Accesibilidad<\/a><\/p><p><a href=\"https:\/\/www.ceramicamunoz.com\/index.php\/politica-de-envios-y-devoluciones\/\">Pol\u00edtica de Env\u00edos y Devoluciones<\/a><\/p>\t\t\t\t\t\t\t\t<\/div>\n\t\t\t\t<\/div>\n\t\t<div class=\"elementor-element elementor-element-553a4bdb e-con-full e-flex e-con e-child\" data-id=\"553a4bdb\" data-element_type=\"container\">\n\t\t\t\t<div class=\"elementor-element elementor-element-6602a9e3 elementor-widget elementor-widget-text-editor\" data-id=\"6602a9e3\" data-element_type=\"widget\" data-widget_type=\"text-editor.default\">\n\t\t\t\t\t\t\t\t\t<p style=\"text-align: center;\" data-start=\"2104\" data-end=\"2126\"><strong><span style=\"color: #1b1b1b;\">Direcci\u00f3n:<\/span><\/strong> Carretera Madrid-C\u00e1diz, Km:320\u00a0 And\u00fajar (Ja\u00e9n)<\/p><p style=\"text-align: center;\" data-start=\"2131\" data-end=\"2141\"><span style=\"color: #1b1b1b;\"><strong>Tel\u00e9fono:<\/strong><\/span> <span style=\"color: #808080;\">953 50 16 97<\/span><\/p><p style=\"text-align: center;\" data-start=\"2146\" data-end=\"2153\"><strong><span style=\"color: #1b1b1b;\">Email: <\/span><\/strong><span style=\"color: #808080;\">info@ceramicamunoz.com<\/span><\/p><h6 style=\"text-align: center;\" data-start=\"2158\" data-end=\"2167\">\u00a0<\/h6>\t\t\t\t\t\t\t\t<\/div>\n\t\t\t\t<\/div>\n\t\t\t\t<\/div>\n\t\t\t\t<\/div>\n\t\t","protected":false},"excerpt":{"rendered":"<p>Tienda online pr\u00f3ximamente Estamos preparando nuestra tienda online para que puedas adquirir nuestras piezas de cer\u00e1mica artesanal de forma c\u00f3moda [&hellip;]<\/p>\n","protected":false},"author":1,"featured_media":0,"parent":0,"menu_order":0,"comment_status":"closed","ping_status":"closed","template":"","meta":{"site-sidebar-layout":"no-sidebar","site-content-layout":"","ast-site-content-layout":"full-width-container","site-content-style":"default","site-sidebar-style":"default","ast-global-header-display":"","ast-banner-title-visibility":"disabled","ast-main-header-display":"","ast-hfb-above-header-display":"","ast-hfb-below-header-display":"","ast-hfb-mobile-header-display":"","site-post-title":"disabled","ast-breadcrumbs-content":"","ast-featured-img":"disabled","footer-sml-layout":"","ast-disable-related-posts":"","theme-transparent-header-meta":"","adv-header-id-meta":"","stick-header-meta":"","header-above-stick-meta":"","header-main-stick-meta":"","header-below-stick-meta":"","astra-migrate-meta-layouts":"default","ast-page-background-enabled":"default","ast-page-background-meta":{"desktop":{"background-color":"var(--ast-global-color-5)","background-image":"","background-repeat":"repeat","background-position":"center center","background-size":"auto","background-attachment":"scroll","background-type":"","background-media":"","overlay-type":"","overlay-color":"","overlay-opacity":"","overlay-gradient":""},"tablet":{"background-color":"","background-image":"","background-repeat":"repeat","background-position":"center center","background-size":"auto","background-attachment":"scroll","background-type":"","background-media":"","overlay-type":"","overlay-color":"","overlay-opacity":"","overlay-gradient":""},"mobile":{"background-color":"","background-image":"","background-repeat":"repeat","background-position":"center center","background-size":"auto","background-attachment":"scroll","background-type":"","background-media":"","overlay-type":"","overlay-color":"","overlay-opacity":"","overlay-gradient":""}},"ast-content-background-meta":{"desktop":{"background-color":"var(--ast-global-color-4)","background-image":"","background-repeat":"repeat","background-position":"center center","background-size":"auto","background-attachment":"scroll","background-type":"","background-media":"","overlay-type":"","overlay-color":"","overlay-opacity":"","overlay-gradient":""},"tablet":{"background-color":"var(--ast-global-color-4)","background-image":"","background-repeat":"repeat","background-position":"center center","background-size":"auto","background-attachment":"scroll","background-type":"","background-media":"","overlay-type":"","overlay-color":"","overlay-opacity":"","overlay-gradient":""},"mobile":{"background-color":"var(--ast-global-color-4)","background-image":"","background-repeat":"repeat","background-position":"center center","background-size":"auto","background-attachment":"scroll","background-type":"","background-media":"","overlay-type":"","overlay-color":"","overlay-opacity":"","overlay-gradient":""}},"footnotes":""},"class_list":["post-756","page","type-page","status-publish","hentry"],"_links":{"self":[{"href":"https:\/\/www.ceramicamunoz.com\/index.php\/wp-json\/wp\/v2\/pages\/756","targetHints":{"allow":["GET"]}}],"collection":[{"href":"https:\/\/www.ceramicamunoz.com\/index.php\/wp-json\/wp\/v2\/pages"}],"about":[{"href":"https:\/\/www.ceramicamunoz.com\/index.php\/wp-json\/wp\/v2\/types\/page"}],"author":[{"embeddable":true,"href":"https:\/\/www.ceramicamunoz.com\/index.php\/wp-json\/wp\/v2\/users\/1"}],"replies":[{"embeddable":true,"href":"https:\/\/www.ceramicamunoz.com\/index.php\/wp-json\/wp\/v2\/comments?post=756"}],"version-history":[{"count":29,"href":"https:\/\/www.ceramicamunoz.com\/index.php\/wp-json\/wp\/v2\/pages\/756\/revisions"}],"predecessor-version":[{"id":1956,"href":"https:\/\/www.ceramicamunoz.com\/index.php\/wp-json\/wp\/v2\/pages\/756\/revisions\/1956"}],"wp:attachment":[{"href":"https:\/\/www.ceramicamunoz.com\/index.php\/wp-json\/wp\/v2\/media?parent=756"}],"curies":[{"name":"wp","href":"https:\/\/api.w.org\/{rel}","templated":true}]}}