{"id":16,"date":"2025-12-08T07:33:32","date_gmt":"2025-12-08T06:33:32","guid":{"rendered":"http:\/\/ceramicamunoz.local\/?page_id=16"},"modified":"2026-01-03T10:53:34","modified_gmt":"2026-01-03T09:53:34","slug":"noticias","status":"publish","type":"page","link":"https:\/\/www.ceramicamunoz.com\/index.php\/noticias\/","title":{"rendered":"Noticias"},"content":{"rendered":"\t\t<div data-elementor-type=\"wp-page\" data-elementor-id=\"16\" class=\"elementor elementor-16\">\n\t\t\t\t<div class=\"elementor-element elementor-element-0b3a887 e-flex e-con-boxed e-con e-parent\" data-id=\"0b3a887\" data-element_type=\"container\" data-settings=\"{&quot;background_background&quot;:&quot;classic&quot;}\">\n\t\t\t\t\t<div class=\"e-con-inner\">\n\t\t<div class=\"elementor-element elementor-element-d708cbb e-con-full e-flex e-con e-child\" data-id=\"d708cbb\" data-element_type=\"container\" data-settings=\"{&quot;background_background&quot;:&quot;classic&quot;}\">\n\t\t\t\t<div class=\"elementor-element elementor-element-f80a8d3 elementor-widget elementor-widget-heading\" data-id=\"f80a8d3\" data-element_type=\"widget\" data-widget_type=\"heading.default\">\n\t\t\t\t\t<h2 class=\"elementor-heading-title elementor-size-default\">Noticias<\/h2>\t\t\t\t<\/div>\n\t\t\t\t<div class=\"elementor-element elementor-element-e864070 elementor-widget elementor-widget-text-editor\" data-id=\"e864070\" data-element_type=\"widget\" data-widget_type=\"text-editor.default\">\n\t\t\t\t\t\t\t\t\t<p style=\"text-align: center;\">Novedades, trabajos recientes y actualidad de Cer\u00e1mica Mu\u00f1oz.<\/p>\t\t\t\t\t\t\t\t<\/div>\n\t\t<div class=\"elementor-element elementor-element-9299ef2 e-con-full e-flex e-con e-child\" data-id=\"9299ef2\" data-element_type=\"container\">\n\t\t\t\t<div class=\"elementor-element elementor-element-c22cbfc elementor-widget elementor-widget-text-editor\" data-id=\"c22cbfc\" data-element_type=\"widget\" data-widget_type=\"text-editor.default\">\n\t\t\t\t\t\t\t\t\t\n<div class=\"wp-block-query is-layout-flow wp-block-query-is-layout-flow\"><ul class=\"wp-block-post-template is-layout-flow wp-block-post-template-is-layout-flow\"><li class=\"wp-block-post post-1296 post type-post status-publish format-standard has-post-thumbnail hentry category-sin-categoria\">\n\n\n<div class=\"wp-block-group is-layout-flow wp-block-group-is-layout-flow\" style=\"margin-bottom:24px\">\n\n  <h2 style=\"font-size:22px;line-height:1.2; margin-bottom:6px;\" class=\"wp-block-post-title\"><a href=\"https:\/\/www.ceramicamunoz.com\/index.php\/colaboracion-artistica-en-el-museo-ceramica-munoz-junto-a-tejo-remy-rene-veenhuizen\/\" target=\"_self\" >Colaboraci\u00f3n art\u00edstica en el museo: Cer\u00e1mica Mu\u00f1oz junto a Tejo Remy &amp; Ren\u00e9 Veenhuizen<\/a><\/h2>\n\n  <div style=\"font-size:14px; margin-bottom:12px;\" class=\"wp-block-post-date\"><time datetime=\"2025-12-23T15:48:49+01:00\">23 de diciembre de 2025<\/time><\/div>\n\n  <figure style=\"width:100%; margin-bottom:12px;\" class=\"wp-block-post-featured-image\"><a href=\"https:\/\/www.ceramicamunoz.com\/index.php\/colaboracion-artistica-en-el-museo-ceramica-munoz-junto-a-tejo-remy-rene-veenhuizen\/\" target=\"_self\"  ><img loading=\"lazy\" decoding=\"async\" width=\"1200\" height=\"800\" src=\"https:\/\/www.ceramicamunoz.com\/wp-content\/uploads\/2026\/01\/Tejo_Y_Remy.jpg\" class=\"attachment-post-thumbnail size-post-thumbnail wp-post-image\" alt=\"Colaboraci\u00f3n art\u00edstica en el museo: Cer\u00e1mica Mu\u00f1oz junto a Tejo Remy &amp; Ren\u00e9 Veenhuizen\" style=\"border-radius:14px;object-fit:cover;\" srcset=\"https:\/\/www.ceramicamunoz.com\/wp-content\/uploads\/2026\/01\/Tejo_Y_Remy.jpg 1200w, https:\/\/www.ceramicamunoz.com\/wp-content\/uploads\/2026\/01\/Tejo_Y_Remy-300x200.jpg 300w, https:\/\/www.ceramicamunoz.com\/wp-content\/uploads\/2026\/01\/Tejo_Y_Remy-1024x683.jpg 1024w, https:\/\/www.ceramicamunoz.com\/wp-content\/uploads\/2026\/01\/Tejo_Y_Remy-768x512.jpg 768w, https:\/\/www.ceramicamunoz.com\/wp-content\/uploads\/2026\/01\/Tejo_Y_Remy-600x400.jpg 600w\" sizes=\"auto, (max-width: 1200px) 100vw, 1200px\" \/><\/a><\/figure>\n\n  <div style=\"font-size:16px;line-height:1.6; margin-bottom:0px;\" class=\"wp-block-post-excerpt\"><p class=\"wp-block-post-excerpt__excerpt\">Cer\u00e1mica Mu\u00f1oz participa en una colaboraci\u00f3n art\u00edstica junto a Tejo Remy & Ren\u00e9 Veenhuizen en una exposici\u00f3n muse\u00edstica de cer\u00e1mica contempor\u00e1nea.<\/p><p class=\"wp-block-post-excerpt__more-text\"><a class=\"wp-block-post-excerpt__more-link\" href=\"https:\/\/www.ceramicamunoz.com\/index.php\/colaboracion-artistica-en-el-museo-ceramica-munoz-junto-a-tejo-remy-rene-veenhuizen\/\">Saber m\u00e1s \u2192<\/a><\/p><\/div>\n\n<\/div>\n\n\n<\/li><li class=\"wp-block-post post-831 post type-post status-publish format-standard has-post-thumbnail hentry category-sin-categoria\">\n\n\n<div class=\"wp-block-group is-layout-flow wp-block-group-is-layout-flow\" style=\"margin-bottom:24px\">\n\n  <h2 style=\"font-size:22px;line-height:1.2; margin-bottom:6px;\" class=\"wp-block-post-title\"><a href=\"https:\/\/www.ceramicamunoz.com\/index.php\/nueva-web-de-ceramica-munoz\/\" target=\"_self\" >Nueva web de Cer\u00e1mica Mu\u00f1oz<\/a><\/h2>\n\n  <div style=\"font-size:14px; margin-bottom:12px;\" class=\"wp-block-post-date\"><time datetime=\"2025-12-19T13:00:04+01:00\">19 de diciembre de 2025<\/time><\/div>\n\n  <figure style=\"width:100%; margin-bottom:12px;\" class=\"wp-block-post-featured-image\"><a href=\"https:\/\/www.ceramicamunoz.com\/index.php\/nueva-web-de-ceramica-munoz\/\" target=\"_self\"  ><img loading=\"lazy\" decoding=\"async\" width=\"512\" height=\"512\" src=\"https:\/\/www.ceramicamunoz.com\/wp-content\/uploads\/2025\/12\/cropped-cropped-Logo-Perfil-Instagram800px.png\" class=\"attachment-post-thumbnail size-post-thumbnail wp-post-image\" alt=\"Nueva web de Cer\u00e1mica Mu\u00f1oz\" style=\"border-radius:14px;object-fit:cover;\" srcset=\"https:\/\/www.ceramicamunoz.com\/wp-content\/uploads\/2025\/12\/cropped-cropped-Logo-Perfil-Instagram800px.png 512w, https:\/\/www.ceramicamunoz.com\/wp-content\/uploads\/2025\/12\/cropped-cropped-Logo-Perfil-Instagram800px-300x300.png 300w, https:\/\/www.ceramicamunoz.com\/wp-content\/uploads\/2025\/12\/cropped-cropped-Logo-Perfil-Instagram800px-150x150.png 150w, https:\/\/www.ceramicamunoz.com\/wp-content\/uploads\/2025\/12\/cropped-cropped-Logo-Perfil-Instagram800px-100x100.png 100w, https:\/\/www.ceramicamunoz.com\/wp-content\/uploads\/2025\/12\/cropped-cropped-Logo-Perfil-Instagram800px-270x270.png 270w, https:\/\/www.ceramicamunoz.com\/wp-content\/uploads\/2025\/12\/cropped-cropped-Logo-Perfil-Instagram800px-192x192.png 192w, https:\/\/www.ceramicamunoz.com\/wp-content\/uploads\/2025\/12\/cropped-cropped-Logo-Perfil-Instagram800px-180x180.png 180w, https:\/\/www.ceramicamunoz.com\/wp-content\/uploads\/2025\/12\/cropped-cropped-Logo-Perfil-Instagram800px-32x32.png 32w\" sizes=\"auto, (max-width: 512px) 100vw, 512px\" \/><\/a><\/figure>\n\n  <div style=\"font-size:16px;line-height:1.6; margin-bottom:0px;\" class=\"wp-block-post-excerpt\"><p class=\"wp-block-post-excerpt__excerpt\">Estrenamos nueva p\u00e1gina web donde iremos publicando noticias, trabajos recientes y novedades de Cer\u00e1mica Mu\u00f1oz. Adem\u00e1s pronto tendr\u00e1s disponible nuestra<\/p><p class=\"wp-block-post-excerpt__more-text\"><a class=\"wp-block-post-excerpt__more-link\" href=\"https:\/\/www.ceramicamunoz.com\/index.php\/nueva-web-de-ceramica-munoz\/\">Saber m\u00e1s \u2192<\/a><\/p><\/div>\n\n<\/div>\n\n\n<\/li><\/ul>\n\n\n\n<\/div>\n\n\t\t\t\t\t\t\t\t<\/div>\n\t\t\t\t<\/div>\n\t\t\t\t<\/div>\n\t\t<div class=\"elementor-element elementor-element-485a575 e-con-full e-flex e-con e-child\" data-id=\"485a575\" data-element_type=\"container\" data-settings=\"{&quot;background_background&quot;:&quot;classic&quot;}\">\n\t\t\t\t<div class=\"elementor-element elementor-element-a83abea elementor-align-center elementor-widget elementor-widget-button\" data-id=\"a83abea\" data-element_type=\"widget\" data-widget_type=\"button.default\">\n\t\t\t\t\t\t\t\t\t\t<a class=\"elementor-button elementor-button-link elementor-size-sm\" href=\"#\">\n\t\t\t\t\t\t<span class=\"elementor-button-content-wrapper\">\n\t\t\t\t\t\t\t\t\t<span class=\"elementor-button-text\">Volver Arriba \u2191<\/span>\n\t\t\t\t\t<\/span>\n\t\t\t\t\t<\/a>\n\t\t\t\t\t\t\t\t<\/div>\n\t\t\t\t<\/div>\n\t\t\t\t\t<\/div>\n\t\t\t\t<\/div>\n\t\t<div class=\"elementor-element elementor-element-3cb69760 e-con-full e-flex e-con e-parent\" data-id=\"3cb69760\" data-element_type=\"container\" data-settings=\"{&quot;background_background&quot;:&quot;classic&quot;}\">\n\t\t<div class=\"elementor-element elementor-element-582709a e-flex e-con-boxed e-con e-child\" data-id=\"582709a\" data-element_type=\"container\">\n\t\t\t\t\t<div class=\"e-con-inner\">\n\t\t\t\t<div class=\"elementor-element elementor-element-6a3ea641 elementor-widget__width-inherit elementor-widget-tablet__width-inherit elementor-widget elementor-widget-html\" data-id=\"6a3ea641\" data-element_type=\"widget\" data-widget_type=\"html.default\">\n\t\t\t\t\t<div style=\"display:flex; gap:10px; align-items:center; justify-content:center;\">\r\n    <img decoding=\"async\" src=\"https:\/\/www.ceramicamunoz.com\/wp-content\/uploads\/2025\/12\/logo-200x200-footer.png\" style=\"width:100px;\">\r\n    <img decoding=\"async\" src=\"https:\/\/www.ceramicamunoz.com\/wp-content\/uploads\/2025\/12\/logo-artesania-andalucia.png\" style=\"width:100px;\">\r\n    <img decoding=\"async\" src=\"https:\/\/www.ceramicamunoz.com\/wp-content\/uploads\/2025\/12\/logo-camara-de-comercio-andujar-200.png\" style=\"width:100px;\">\r\n    <img decoding=\"async\" src=\"https:\/\/www.ceramicamunoz.com\/wp-content\/uploads\/2025\/12\/logo-agencia-andaluza-de-la-energia.png\" style=\"width:100px;\">\r\n    <img decoding=\"async\" src=\"https:\/\/www.ceramicamunoz.com\/wp-content\/uploads\/2025\/12\/LOGO-COLOR.png\" style=\"width:100px;\">\r\n    <img decoding=\"async\" src=\"https:\/\/www.ceramicamunoz.com\/wp-content\/uploads\/2025\/12\/ES_fundedbyEU_VERTICAL_RGB_POS.png\" style=\"width:100px;\">\r\n<\/div>\r\n\t\t\t\t<\/div>\n\t\t\t\t\t<\/div>\n\t\t\t\t<\/div>\n\t\t<div class=\"elementor-element elementor-element-d0406f4 e-con-full e-flex e-con e-child\" data-id=\"d0406f4\" data-element_type=\"container\">\n\t\t\t\t<div class=\"elementor-element elementor-element-dda048e elementor-widget__width-inherit elementor-widget elementor-widget-text-editor\" data-id=\"dda048e\" data-element_type=\"widget\" data-widget_type=\"text-editor.default\">\n\t\t\t\t\t\t\t\t\t<p style=\"text-align: center;\"><a href=\"https:\/\/www.ceramicamunoz.com\/\">Inicio<\/a><\/p><p style=\"text-align: center;\"><a style=\"color: #000000; text-decoration: none;\" href=\"https:\/\/www.ceramicamunoz.com\/index.php\/sobre-nosotros\/\">Sobre Nosotros<\/a><\/p><p style=\"text-align: center;\"><a style=\"color: #000000; text-decoration: none;\" href=\"https:\/\/www.ceramicamunoz.com\/index.php\/noticias\/\">Noticias<\/a><\/p><p style=\"text-align: center;\"><a style=\"color: #000000; text-decoration: none;\" href=\"https:\/\/www.ceramicamunoz.com\/index.php\/contacto\/\">Contacto<\/a><\/p><p style=\"text-align: center;\"><a style=\"color: #000000; text-decoration: none;\" href=\"https:\/\/www.ceramicamunoz.com\/index.php\/politica-de-privacidad\/\">Pol\u00edtica de Privacidad<\/a><\/p><p style=\"text-align: center;\"><a style=\"color: #000000; text-decoration: none;\" href=\"https:\/\/www.ceramicamunoz.com\/index.php\/aviso-legal\/\">Aviso Legal<\/a><\/p><p style=\"text-align: center;\"><a style=\"color: #000000; text-decoration: none;\" href=\"https:\/\/www.ceramicamunoz.com\/index.php\/politica-de-cookies\/\">Pol\u00edtica de Cookies<\/a><\/p><p><a href=\"https:\/\/www.ceramicamunoz.com\/index.php\/politica-de-accesibilidad\/\">Pol\u00edtica de Accesibilidad<\/a><\/p><p><a href=\"https:\/\/www.ceramicamunoz.com\/index.php\/politica-de-envios-y-devoluciones\/\">Pol\u00edtica de Env\u00edos y Devoluciones<\/a><\/p>\t\t\t\t\t\t\t\t<\/div>\n\t\t\t\t<\/div>\n\t\t<div class=\"elementor-element elementor-element-1ec4f28c e-con-full e-flex e-con e-child\" data-id=\"1ec4f28c\" data-element_type=\"container\">\n\t\t\t\t<div class=\"elementor-element elementor-element-17ccda36 elementor-widget elementor-widget-text-editor\" data-id=\"17ccda36\" data-element_type=\"widget\" data-widget_type=\"text-editor.default\">\n\t\t\t\t\t\t\t\t\t<p style=\"text-align: center;\" data-start=\"2104\" data-end=\"2126\"><strong><span style=\"color: #1b1b1b;\">Direcci\u00f3n:<\/span><\/strong> Carretera Madrid-C\u00e1diz, Km:320\u00a0 And\u00fajar (Ja\u00e9n)<\/p><p style=\"text-align: center;\" data-start=\"2131\" data-end=\"2141\"><span style=\"color: #1b1b1b;\"><strong>Tel\u00e9fono:<\/strong><\/span> <span style=\"color: #808080;\">953 50 16 97<\/span><\/p><p style=\"text-align: center;\" data-start=\"2146\" data-end=\"2153\"><strong><span style=\"color: #1b1b1b;\">Email: <\/span><\/strong><span style=\"color: #808080;\">info@ceramicamunoz.com<\/span><\/p><h6 style=\"text-align: center;\" data-start=\"2158\" data-end=\"2167\">\u00a0<\/h6>\t\t\t\t\t\t\t\t<\/div>\n\t\t\t\t<\/div>\n\t\t\t\t<\/div>\n\t\t\t\t<\/div>\n\t\t","protected":false},"excerpt":{"rendered":"<p>Noticias Novedades, trabajos recientes y actualidad de Cer\u00e1mica Mu\u00f1oz. Volver Arriba \u2191 Inicio Sobre Nosotros Noticias Contacto Pol\u00edtica de Privacidad [&hellip;]<\/p>\n","protected":false},"author":1,"featured_media":0,"parent":0,"menu_order":0,"comment_status":"closed","ping_status":"closed","template":"","meta":{"site-sidebar-layout":"no-sidebar","site-content-layout":"","ast-site-content-layout":"full-width-container","site-content-style":"default","site-sidebar-style":"default","ast-global-header-display":"","ast-banner-title-visibility":"","ast-main-header-display":"","ast-hfb-above-header-display":"","ast-hfb-below-header-display":"","ast-hfb-mobile-header-display":"","site-post-title":"disabled","ast-breadcrumbs-content":"","ast-featured-img":"disabled","footer-sml-layout":"","ast-disable-related-posts":"","theme-transparent-header-meta":"","adv-header-id-meta":"","stick-header-meta":"","header-above-stick-meta":"","header-main-stick-meta":"","header-below-stick-meta":"","astra-migrate-meta-layouts":"default","ast-page-background-enabled":"default","ast-page-background-meta":{"desktop":{"background-color":"var(--ast-global-color-5)","background-image":"","background-repeat":"repeat","background-position":"center center","background-size":"auto","background-attachment":"scroll","background-type":"","background-media":"","overlay-type":"","overlay-color":"","overlay-opacity":"","overlay-gradient":""},"tablet":{"background-color":"","background-image":"","background-repeat":"repeat","background-position":"center center","background-size":"auto","background-attachment":"scroll","background-type":"","background-media":"","overlay-type":"","overlay-color":"","overlay-opacity":"","overlay-gradient":""},"mobile":{"background-color":"","background-image":"","background-repeat":"repeat","background-position":"center center","background-size":"auto","background-attachment":"scroll","background-type":"","background-media":"","overlay-type":"","overlay-color":"","overlay-opacity":"","overlay-gradient":""}},"ast-content-background-meta":{"desktop":{"background-color":"var(--ast-global-color-4)","background-image":"","background-repeat":"repeat","background-position":"center center","background-size":"auto","background-attachment":"scroll","background-type":"","background-media":"","overlay-type":"","overlay-color":"","overlay-opacity":"","overlay-gradient":""},"tablet":{"background-color":"var(--ast-global-color-4)","background-image":"","background-repeat":"repeat","background-position":"center center","background-size":"auto","background-attachment":"scroll","background-type":"","background-media":"","overlay-type":"","overlay-color":"","overlay-opacity":"","overlay-gradient":""},"mobile":{"background-color":"var(--ast-global-color-4)","background-image":"","background-repeat":"repeat","background-position":"center center","background-size":"auto","background-attachment":"scroll","background-type":"","background-media":"","overlay-type":"","overlay-color":"","overlay-opacity":"","overlay-gradient":""}},"footnotes":""},"class_list":["post-16","page","type-page","status-publish","hentry"],"_links":{"self":[{"href":"https:\/\/www.ceramicamunoz.com\/index.php\/wp-json\/wp\/v2\/pages\/16","targetHints":{"allow":["GET"]}}],"collection":[{"href":"https:\/\/www.ceramicamunoz.com\/index.php\/wp-json\/wp\/v2\/pages"}],"about":[{"href":"https:\/\/www.ceramicamunoz.com\/index.php\/wp-json\/wp\/v2\/types\/page"}],"author":[{"embeddable":true,"href":"https:\/\/www.ceramicamunoz.com\/index.php\/wp-json\/wp\/v2\/users\/1"}],"replies":[{"embeddable":true,"href":"https:\/\/www.ceramicamunoz.com\/index.php\/wp-json\/wp\/v2\/comments?post=16"}],"version-history":[{"count":61,"href":"https:\/\/www.ceramicamunoz.com\/index.php\/wp-json\/wp\/v2\/pages\/16\/revisions"}],"predecessor-version":[{"id":1934,"href":"https:\/\/www.ceramicamunoz.com\/index.php\/wp-json\/wp\/v2\/pages\/16\/revisions\/1934"}],"wp:attachment":[{"href":"https:\/\/www.ceramicamunoz.com\/index.php\/wp-json\/wp\/v2\/media?parent=16"}],"curies":[{"name":"wp","href":"https:\/\/api.w.org\/{rel}","templated":true}]}}