{"id":1124,"date":"2025-12-23T08:45:32","date_gmt":"2025-12-23T07:45:32","guid":{"rendered":"http:\/\/ceramicamunoz.local\/?page_id=1124"},"modified":"2026-01-02T19:02:52","modified_gmt":"2026-01-02T18:02:52","slug":"politica-de-accesibilidad","status":"publish","type":"page","link":"https:\/\/www.ceramicamunoz.com\/index.php\/politica-de-accesibilidad\/","title":{"rendered":"Pol\u00edtica de Accesibilidad"},"content":{"rendered":"\t\t<div data-elementor-type=\"wp-page\" data-elementor-id=\"1124\" class=\"elementor elementor-1124\">\n\t\t\t\t<div class=\"elementor-element elementor-element-f1736b5 e-flex e-con-boxed e-con e-parent\" data-id=\"f1736b5\" data-element_type=\"container\" data-settings=\"{&quot;background_background&quot;:&quot;classic&quot;}\">\n\t\t\t\t\t<div class=\"e-con-inner\">\n\t\t<div class=\"elementor-element elementor-element-5a77ea5 e-con-full e-flex e-con e-child\" data-id=\"5a77ea5\" data-element_type=\"container\" data-settings=\"{&quot;background_background&quot;:&quot;classic&quot;}\">\n\t\t\t\t<div class=\"elementor-element elementor-element-f32065f elementor-widget__width-inherit elementor-widget elementor-widget-heading\" data-id=\"f32065f\" data-element_type=\"widget\" data-widget_type=\"heading.default\">\n\t\t\t\t\t<h2 class=\"elementor-heading-title elementor-size-default\">Pol\u00edtica de Accesibilidad<\/h2>\t\t\t\t<\/div>\n\t\t\t\t<div class=\"elementor-element elementor-element-fc2627f elementor-widget__width-inherit elementor-widget elementor-widget-text-editor\" data-id=\"fc2627f\" data-element_type=\"widget\" data-widget_type=\"text-editor.default\">\n\t\t\t\t\t\t\t\t\t<p data-start=\"706\" data-end=\"1000\">Cer\u00e1mica Mu\u00f1oz se compromete a hacer accesible su sitio web, de conformidad con los principios de accesibilidad universal, con el objetivo de que todas las personas puedan acceder a la informaci\u00f3n y servicios ofrecidos, independientemente de sus capacidades o de los medios t\u00e9cnicos utilizados.<\/p><h3 data-start=\"1002\" data-end=\"1040\">1. Compromiso con la accesibilidad<\/h3><p data-start=\"1042\" data-end=\"1222\">Este sitio web ha sido dise\u00f1ado siguiendo criterios de usabilidad y accesibilidad, con el fin de facilitar la navegaci\u00f3n y el acceso a los contenidos de forma clara y comprensible.<\/p><p data-start=\"1224\" data-end=\"1365\">Cer\u00e1mica Mu\u00f1oz trabaja de forma continua para mejorar la accesibilidad del sitio web y adaptarlo a los est\u00e1ndares y recomendaciones vigentes.<\/p><h3 data-start=\"1367\" data-end=\"1391\">2. Medidas adoptadas<\/h3><p data-start=\"1393\" data-end=\"1477\">Entre las medidas adoptadas para mejorar la accesibilidad del sitio web se incluyen:<\/p><ul data-start=\"1479\" data-end=\"1751\"><li data-start=\"1479\" data-end=\"1540\"><p data-start=\"1481\" data-end=\"1540\">Uso de una estructura clara y coherente de los contenidos<\/p><\/li><li data-start=\"1541\" data-end=\"1585\"><p data-start=\"1543\" data-end=\"1585\">Textos legibles y con contraste adecuado<\/p><\/li><li data-start=\"1586\" data-end=\"1621\"><p data-start=\"1588\" data-end=\"1621\">Navegaci\u00f3n sencilla e intuitiva<\/p><\/li><li data-start=\"1622\" data-end=\"1687\"><p data-start=\"1624\" data-end=\"1687\">Compatibilidad con los principales navegadores y dispositivos<\/p><\/li><li data-start=\"1688\" data-end=\"1751\"><p data-start=\"1690\" data-end=\"1751\">Dise\u00f1o adaptable a distintos tama\u00f1os de pantalla (responsive)<\/p><\/li><\/ul><h3 data-start=\"1753\" data-end=\"1785\">\u00a0<\/h3><h3 data-start=\"1753\" data-end=\"1785\">3. Situaci\u00f3n de cumplimiento<\/h3><p data-start=\"1787\" data-end=\"1963\">Este sitio web es parcialmente conforme con las pautas de accesibilidad WCAG 2.1 en nivel AA, debido a posibles excepciones o contenidos que se encuentren en proceso de mejora.<\/p><h3 data-start=\"1965\" data-end=\"1997\">\u00a0<\/h3><h3 data-start=\"1965\" data-end=\"1997\">4. Comunicaciones y contacto<\/h3><p data-start=\"1999\" data-end=\"2235\">Si el usuario detecta dificultades de acceso, errores de accesibilidad o desea realizar alguna sugerencia para mejorar la experiencia de navegaci\u00f3n, puede ponerse en contacto con Cer\u00e1mica Mu\u00f1oz a trav\u00e9s del siguiente correo electr\u00f3nico:<\/p><p data-start=\"2237\" data-end=\"2263\"><strong data-start=\"2237\" data-end=\"2263\"><a class=\"decorated-link cursor-pointer\" rel=\"noopener\" data-start=\"2239\" data-end=\"2261\">info@ceramicamunoz.com<\/a><\/strong><\/p><p data-start=\"2265\" data-end=\"2385\">Las comunicaciones recibidas ser\u00e1n analizadas con el objetivo de mejorar progresivamente la accesibilidad del sitio web.<\/p><h3 data-start=\"2387\" data-end=\"2422\">\u00a0<\/h3><h3 data-start=\"2387\" data-end=\"2422\">5. Actualizaci\u00f3n de la pol\u00edtica<\/h3><p data-start=\"2424\" data-end=\"2597\">La presente Pol\u00edtica de Accesibilidad podr\u00e1 ser actualizada para adaptarse a mejoras t\u00e9cnicas o cambios normativos.<br data-start=\"2539\" data-end=\"2542\" \/>Las actualizaciones se publicar\u00e1n en esta misma p\u00e1gina.<\/p>\t\t\t\t\t\t\t\t<\/div>\n\t\t\t\t<\/div>\n\t\t\t\t<div class=\"elementor-element elementor-element-1f09b32 elementor-widget elementor-widget-spacer\" data-id=\"1f09b32\" data-element_type=\"widget\" data-widget_type=\"spacer.default\">\n\t\t\t\t\t\t\t<div class=\"elementor-spacer\">\n\t\t\t<div class=\"elementor-spacer-inner\"><\/div>\n\t\t<\/div>\n\t\t\t\t\t\t<\/div>\n\t\t<div class=\"elementor-element elementor-element-86aed0c e-con-full e-flex e-con e-child\" data-id=\"86aed0c\" data-element_type=\"container\">\n\t\t\t\t<div class=\"elementor-element elementor-element-6ec3fbd elementor-align-center elementor-hidden-tablet elementor-hidden-mobile elementor-widget elementor-widget-button\" data-id=\"6ec3fbd\" data-element_type=\"widget\" data-widget_type=\"button.default\">\n\t\t\t\t\t\t\t\t\t\t<a class=\"elementor-button elementor-button-link elementor-size-sm\" href=\"#\">\n\t\t\t\t\t\t<span class=\"elementor-button-content-wrapper\">\n\t\t\t\t\t\t\t\t\t<span class=\"elementor-button-text\">Volver Arriba \u2191<\/span>\n\t\t\t\t\t<\/span>\n\t\t\t\t\t<\/a>\n\t\t\t\t\t\t\t\t<\/div>\n\t\t\t\t<\/div>\n\t\t\t\t\t<\/div>\n\t\t\t\t<\/div>\n\t\t<div class=\"elementor-element elementor-element-2672f060 e-con-full e-flex e-con e-parent\" data-id=\"2672f060\" data-element_type=\"container\" data-settings=\"{&quot;background_background&quot;:&quot;classic&quot;}\">\n\t\t<div class=\"elementor-element elementor-element-3017714e e-flex e-con-boxed e-con e-child\" data-id=\"3017714e\" data-element_type=\"container\">\n\t\t\t\t\t<div class=\"e-con-inner\">\n\t\t\t\t<div class=\"elementor-element elementor-element-6150d9a1 elementor-widget__width-inherit elementor-widget-tablet__width-inherit elementor-widget elementor-widget-html\" data-id=\"6150d9a1\" data-element_type=\"widget\" data-widget_type=\"html.default\">\n\t\t\t\t\t<div style=\"display:flex; gap:10px; align-items:center; justify-content:center;\">\r\n    <img decoding=\"async\" src=\"https:\/\/www.ceramicamunoz.com\/wp-content\/uploads\/2025\/12\/logo-200x200-footer.png\" style=\"width:100px;\">\r\n    <img decoding=\"async\" src=\"https:\/\/www.ceramicamunoz.com\/wp-content\/uploads\/2025\/12\/logo-artesania-andalucia.png\" style=\"width:100px;\">\r\n    <img decoding=\"async\" src=\"https:\/\/www.ceramicamunoz.com\/wp-content\/uploads\/2025\/12\/logo-camara-de-comercio-andujar-200.png\" style=\"width:100px;\">\r\n    <img decoding=\"async\" src=\"https:\/\/www.ceramicamunoz.com\/wp-content\/uploads\/2025\/12\/logo-agencia-andaluza-de-la-energia.png\" style=\"width:100px;\">\r\n    <img decoding=\"async\" src=\"https:\/\/www.ceramicamunoz.com\/wp-content\/uploads\/2025\/12\/LOGO-COLOR.png\" style=\"width:100px;\">\r\n    <img decoding=\"async\" src=\"https:\/\/www.ceramicamunoz.com\/wp-content\/uploads\/2025\/12\/ES_fundedbyEU_VERTICAL_RGB_POS.png\" style=\"width:100px;\">\r\n<\/div>\r\n\t\t\t\t<\/div>\n\t\t\t\t\t<\/div>\n\t\t\t\t<\/div>\n\t\t<div class=\"elementor-element elementor-element-d7c96c7 e-con-full e-flex e-con e-child\" data-id=\"d7c96c7\" data-element_type=\"container\">\n\t\t\t\t<div class=\"elementor-element elementor-element-460f42f elementor-widget__width-inherit elementor-widget elementor-widget-text-editor\" data-id=\"460f42f\" data-element_type=\"widget\" data-widget_type=\"text-editor.default\">\n\t\t\t\t\t\t\t\t\t<p style=\"text-align: center;\"><a href=\"https:\/\/www.ceramicamunoz.com\/\">Inicio<\/a><\/p><p style=\"text-align: center;\"><a style=\"color: #000000; text-decoration: none;\" href=\"https:\/\/www.ceramicamunoz.com\/index.php\/sobre-nosotros\/\">Sobre Nosotros<\/a><\/p><p style=\"text-align: center;\"><a style=\"color: #000000; text-decoration: none;\" href=\"https:\/\/www.ceramicamunoz.com\/index.php\/noticias\/\">Noticias<\/a><\/p><p style=\"text-align: center;\"><a style=\"color: #000000; text-decoration: none;\" href=\"https:\/\/www.ceramicamunoz.com\/index.php\/contacto\/\">Contacto<\/a><\/p><p style=\"text-align: center;\"><a style=\"color: #000000; text-decoration: none;\" href=\"https:\/\/www.ceramicamunoz.com\/index.php\/politica-de-privacidad\/\">Pol\u00edtica de Privacidad<\/a><\/p><p style=\"text-align: center;\"><a style=\"color: #000000; text-decoration: none;\" href=\"https:\/\/www.ceramicamunoz.com\/index.php\/aviso-legal\/\">Aviso Legal<\/a><\/p><p style=\"text-align: center;\"><a style=\"color: #000000; text-decoration: none;\" href=\"https:\/\/www.ceramicamunoz.com\/index.php\/politica-de-cookies\/\">Pol\u00edtica de Cookies<\/a><\/p><p><a href=\"https:\/\/www.ceramicamunoz.com\/index.php\/politica-de-accesibilidad\/\">Pol\u00edtica de Accesibilidad<\/a><\/p><p><a href=\"https:\/\/www.ceramicamunoz.com\/index.php\/politica-de-envios-y-devoluciones\/\">Pol\u00edtica de Env\u00edos y Devoluciones<\/a><\/p>\t\t\t\t\t\t\t\t<\/div>\n\t\t\t\t<\/div>\n\t\t<div class=\"elementor-element elementor-element-26c81382 e-con-full e-flex e-con e-child\" data-id=\"26c81382\" data-element_type=\"container\">\n\t\t\t\t<div class=\"elementor-element elementor-element-25e295e6 elementor-widget elementor-widget-text-editor\" data-id=\"25e295e6\" data-element_type=\"widget\" data-widget_type=\"text-editor.default\">\n\t\t\t\t\t\t\t\t\t<p style=\"text-align: center;\" data-start=\"2104\" data-end=\"2126\"><strong><span style=\"color: #1b1b1b;\">Direcci\u00f3n:<\/span><\/strong> Carretera Madrid-C\u00e1diz, Km:320\u00a0 And\u00fajar (Ja\u00e9n)<\/p><p style=\"text-align: center;\" data-start=\"2131\" data-end=\"2141\"><span style=\"color: #1b1b1b;\"><strong>Tel\u00e9fono:<\/strong><\/span> <span style=\"color: #808080;\">953 50 16 97<\/span><\/p><p style=\"text-align: center;\" data-start=\"2146\" data-end=\"2153\"><strong><span style=\"color: #1b1b1b;\">Email: <\/span><\/strong><span style=\"color: #808080;\">info@ceramicamunoz.com<\/span><\/p><h6 style=\"text-align: center;\" data-start=\"2158\" data-end=\"2167\">\u00a0<\/h6>\t\t\t\t\t\t\t\t<\/div>\n\t\t\t\t<\/div>\n\t\t\t\t<\/div>\n\t\t\t\t<\/div>\n\t\t","protected":false},"excerpt":{"rendered":"<p>Pol\u00edtica de Accesibilidad Cer\u00e1mica Mu\u00f1oz se compromete a hacer accesible su sitio web, de conformidad con los principios de accesibilidad [&hellip;]<\/p>\n","protected":false},"author":1,"featured_media":0,"parent":0,"menu_order":0,"comment_status":"closed","ping_status":"closed","template":"","meta":{"site-sidebar-layout":"no-sidebar","site-content-layout":"","ast-site-content-layout":"full-width-container","site-content-style":"default","site-sidebar-style":"default","ast-global-header-display":"","ast-banner-title-visibility":"","ast-main-header-display":"","ast-hfb-above-header-display":"","ast-hfb-below-header-display":"","ast-hfb-mobile-header-display":"","site-post-title":"disabled","ast-breadcrumbs-content":"","ast-featured-img":"disabled","footer-sml-layout":"","ast-disable-related-posts":"","theme-transparent-header-meta":"","adv-header-id-meta":"","stick-header-meta":"","header-above-stick-meta":"","header-main-stick-meta":"","header-below-stick-meta":"","astra-migrate-meta-layouts":"default","ast-page-background-enabled":"default","ast-page-background-meta":{"desktop":{"background-color":"var(--ast-global-color-5)","background-image":"","background-repeat":"repeat","background-position":"center center","background-size":"auto","background-attachment":"scroll","background-type":"","background-media":"","overlay-type":"","overlay-color":"","overlay-opacity":"","overlay-gradient":""},"tablet":{"background-color":"","background-image":"","background-repeat":"repeat","background-position":"center center","background-size":"auto","background-attachment":"scroll","background-type":"","background-media":"","overlay-type":"","overlay-color":"","overlay-opacity":"","overlay-gradient":""},"mobile":{"background-color":"","background-image":"","background-repeat":"repeat","background-position":"center center","background-size":"auto","background-attachment":"scroll","background-type":"","background-media":"","overlay-type":"","overlay-color":"","overlay-opacity":"","overlay-gradient":""}},"ast-content-background-meta":{"desktop":{"background-color":"var(--ast-global-color-4)","background-image":"","background-repeat":"repeat","background-position":"center center","background-size":"auto","background-attachment":"scroll","background-type":"","background-media":"","overlay-type":"","overlay-color":"","overlay-opacity":"","overlay-gradient":""},"tablet":{"background-color":"var(--ast-global-color-4)","background-image":"","background-repeat":"repeat","background-position":"center center","background-size":"auto","background-attachment":"scroll","background-type":"","background-media":"","overlay-type":"","overlay-color":"","overlay-opacity":"","overlay-gradient":""},"mobile":{"background-color":"var(--ast-global-color-4)","background-image":"","background-repeat":"repeat","background-position":"center center","background-size":"auto","background-attachment":"scroll","background-type":"","background-media":"","overlay-type":"","overlay-color":"","overlay-opacity":"","overlay-gradient":""}},"footnotes":""},"class_list":["post-1124","page","type-page","status-publish","hentry"],"_links":{"self":[{"href":"https:\/\/www.ceramicamunoz.com\/index.php\/wp-json\/wp\/v2\/pages\/1124","targetHints":{"allow":["GET"]}}],"collection":[{"href":"https:\/\/www.ceramicamunoz.com\/index.php\/wp-json\/wp\/v2\/pages"}],"about":[{"href":"https:\/\/www.ceramicamunoz.com\/index.php\/wp-json\/wp\/v2\/types\/page"}],"author":[{"embeddable":true,"href":"https:\/\/www.ceramicamunoz.com\/index.php\/wp-json\/wp\/v2\/users\/1"}],"replies":[{"embeddable":true,"href":"https:\/\/www.ceramicamunoz.com\/index.php\/wp-json\/wp\/v2\/comments?post=1124"}],"version-history":[{"count":13,"href":"https:\/\/www.ceramicamunoz.com\/index.php\/wp-json\/wp\/v2\/pages\/1124\/revisions"}],"predecessor-version":[{"id":1822,"href":"https:\/\/www.ceramicamunoz.com\/index.php\/wp-json\/wp\/v2\/pages\/1124\/revisions\/1822"}],"wp:attachment":[{"href":"https:\/\/www.ceramicamunoz.com\/index.php\/wp-json\/wp\/v2\/media?parent=1124"}],"curies":[{"name":"wp","href":"https:\/\/api.w.org\/{rel}","templated":true}]}}