{"id":1116,"date":"2025-12-23T08:42:08","date_gmt":"2025-12-23T07:42:08","guid":{"rendered":"http:\/\/ceramicamunoz.local\/?page_id=1116"},"modified":"2026-01-02T18:59:12","modified_gmt":"2026-01-02T17:59:12","slug":"politica-de-cookies","status":"publish","type":"page","link":"https:\/\/www.ceramicamunoz.com\/index.php\/politica-de-cookies\/","title":{"rendered":"Pol\u00edtica de Cookies"},"content":{"rendered":"\t\t<div data-elementor-type=\"wp-page\" data-elementor-id=\"1116\" class=\"elementor elementor-1116\">\n\t\t\t\t<div class=\"elementor-element elementor-element-f1736b5 e-flex e-con-boxed e-con e-parent\" data-id=\"f1736b5\" data-element_type=\"container\" data-settings=\"{&quot;background_background&quot;:&quot;classic&quot;}\">\n\t\t\t\t\t<div class=\"e-con-inner\">\n\t\t<div class=\"elementor-element elementor-element-5a77ea5 e-con-full e-flex e-con e-child\" data-id=\"5a77ea5\" data-element_type=\"container\" data-settings=\"{&quot;background_background&quot;:&quot;classic&quot;}\">\n\t\t\t\t<div class=\"elementor-element elementor-element-f32065f elementor-widget__width-inherit elementor-widget elementor-widget-heading\" data-id=\"f32065f\" data-element_type=\"widget\" data-widget_type=\"heading.default\">\n\t\t\t\t\t<h2 class=\"elementor-heading-title elementor-size-default\">Pol\u00edtica de Cookies<\/h2>\t\t\t\t<\/div>\n\t\t\t\t<div class=\"elementor-element elementor-element-fc2627f elementor-widget__width-inherit elementor-widget elementor-widget-text-editor\" data-id=\"fc2627f\" data-element_type=\"widget\" data-widget_type=\"text-editor.default\">\n\t\t\t\t\t\t\t\t\t<p data-start=\"660\" data-end=\"908\">El presente sitio web utiliza cookies propias y de terceros con la finalidad de mejorar la experiencia de navegaci\u00f3n del usuario, analizar el uso del sitio web y ofrecer contenidos adaptados a sus intereses, de conformidad con la normativa vigente.<\/p><h3 data-start=\"910\" data-end=\"938\">1. \u00bfQu\u00e9 son las cookies?<\/h3><p data-start=\"940\" data-end=\"1187\">Las cookies son peque\u00f1os archivos de texto que se almacenan en el dispositivo del usuario cuando visita un sitio web. Permiten que el sitio recuerde informaci\u00f3n sobre la navegaci\u00f3n del usuario, facilitando una mejor experiencia en futuras visitas.<\/p><h3 data-start=\"1189\" data-end=\"1241\">2. Tipos de cookies utilizadas en este sitio web<\/h3><p data-start=\"1243\" data-end=\"1305\">Este sitio web puede utilizar los siguientes tipos de cookies:<\/p><p data-start=\"1307\" data-end=\"1532\"><strong data-start=\"1307\" data-end=\"1340\">Cookies t\u00e9cnicas o necesarias<\/strong><br data-start=\"1340\" data-end=\"1343\" \/>Son aquellas imprescindibles para el correcto funcionamiento del sitio web y para permitir la navegaci\u00f3n y el uso de sus funcionalidades b\u00e1sicas. No requieren el consentimiento del usuario.<\/p><p data-start=\"1534\" data-end=\"1723\"><strong data-start=\"1534\" data-end=\"1579\">Cookies de preferencias o personalizaci\u00f3n<\/strong><br data-start=\"1579\" data-end=\"1582\" \/>Permiten recordar informaci\u00f3n para que el usuario acceda al servicio con determinadas caracter\u00edsticas, como el idioma o el tipo de navegador.<\/p><p data-start=\"1725\" data-end=\"1981\"><strong data-start=\"1725\" data-end=\"1759\">Cookies de an\u00e1lisis o medici\u00f3n<\/strong><br data-start=\"1759\" data-end=\"1762\" \/>Permiten cuantificar el n\u00famero de usuarios y analizar la utilizaci\u00f3n del sitio web, con el fin de mejorar los contenidos y servicios ofrecidos.<br data-start=\"1905\" data-end=\"1908\" \/>Estas cookies solo se utilizar\u00e1n si el usuario ha dado su consentimiento.<\/p><p data-start=\"1983\" data-end=\"2235\"><strong data-start=\"1983\" data-end=\"2008\">Cookies publicitarias<\/strong><br data-start=\"2008\" data-end=\"2011\" \/>Permiten gestionar los espacios publicitarios del sitio web, en base a criterios como el contenido mostrado o la frecuencia con la que se muestran los anuncios.<br data-start=\"2171\" data-end=\"2174\" \/>Actualmente, este sitio web no utiliza cookies publicitarias.<\/p><h3 data-start=\"2237\" data-end=\"2263\">3. Cookies de terceros<\/h3><p data-start=\"2265\" data-end=\"2356\">Este sitio web puede integrar servicios de terceros que instalan cookies, como por ejemplo:<\/p><ul data-start=\"2358\" data-end=\"2476\"><li data-start=\"2358\" data-end=\"2413\"><p data-start=\"2360\" data-end=\"2413\">Google Maps (para mostrar la ubicaci\u00f3n del negocio)<\/p><\/li><li data-start=\"2414\" data-end=\"2476\"><p data-start=\"2416\" data-end=\"2476\">Google Analytics (para an\u00e1lisis estad\u00edstico, si se activa)<\/p><\/li><\/ul><p data-start=\"2478\" data-end=\"2603\">Estos servicios solo se activar\u00e1n cuando el usuario otorgue su consentimiento a trav\u00e9s del banner o configuraci\u00f3n de cookies.<\/p><h3 data-start=\"2605\" data-end=\"2646\">4. Gesti\u00f3n y configuraci\u00f3n de cookies<\/h3><p data-start=\"2648\" data-end=\"2772\">El usuario puede aceptar, rechazar o configurar el uso de cookies a trav\u00e9s del banner de cookies disponible en el sitio web.<\/p><p data-start=\"2774\" data-end=\"2963\">Asimismo, puede configurar su navegador para bloquear o eliminar las cookies instaladas. A continuaci\u00f3n se facilitan enlaces a la configuraci\u00f3n de cookies de los navegadores m\u00e1s habituales:<\/p><ul data-start=\"2965\" data-end=\"3032\"><li data-start=\"2965\" data-end=\"2982\"><p data-start=\"2967\" data-end=\"2982\">Google Chrome<\/p><\/li><li data-start=\"2983\" data-end=\"3002\"><p data-start=\"2985\" data-end=\"3002\">Mozilla Firefox<\/p><\/li><li data-start=\"3003\" data-end=\"3021\"><p data-start=\"3005\" data-end=\"3021\">Microsoft Edge<\/p><\/li><li data-start=\"3022\" data-end=\"3032\"><p data-start=\"3024\" data-end=\"3032\">Safari<\/p><\/li><\/ul><p data-start=\"3034\" data-end=\"3117\">La desactivaci\u00f3n de cookies puede afectar al correcto funcionamiento del sitio web.<\/p><h3 data-start=\"3119\" data-end=\"3162\">5. Aceptaci\u00f3n de la Pol\u00edtica de Cookies<\/h3><p data-start=\"3164\" data-end=\"3393\">Al navegar y continuar en este sitio web tras aceptar el uso de cookies, el usuario consiente expresamente el tratamiento de la informaci\u00f3n recabada en la forma y para las finalidades indicadas en la presente Pol\u00edtica de Cookies.<\/p><h3 data-start=\"3395\" data-end=\"3442\">6. Modificaciones de la Pol\u00edtica de Cookies<\/h3><p data-start=\"3444\" data-end=\"3650\">Cer\u00e1mica Mu\u00f1oz se reserva el derecho a modificar la presente Pol\u00edtica de Cookies para adaptarla a novedades legislativas o t\u00e9cnicas.<br data-start=\"3576\" data-end=\"3579\" \/>Cualquier modificaci\u00f3n ser\u00e1 debidamente publicada en esta misma p\u00e1gina.<\/p>\t\t\t\t\t\t\t\t<\/div>\n\t\t\t\t<\/div>\n\t\t\t\t<div class=\"elementor-element elementor-element-1f09b32 elementor-widget elementor-widget-spacer\" data-id=\"1f09b32\" data-element_type=\"widget\" data-widget_type=\"spacer.default\">\n\t\t\t\t\t\t\t<div class=\"elementor-spacer\">\n\t\t\t<div class=\"elementor-spacer-inner\"><\/div>\n\t\t<\/div>\n\t\t\t\t\t\t<\/div>\n\t\t<div class=\"elementor-element elementor-element-86aed0c e-con-full e-flex e-con e-child\" data-id=\"86aed0c\" data-element_type=\"container\">\n\t\t\t\t<div class=\"elementor-element elementor-element-6ec3fbd elementor-align-center elementor-hidden-tablet elementor-hidden-mobile elementor-widget elementor-widget-button\" data-id=\"6ec3fbd\" data-element_type=\"widget\" data-widget_type=\"button.default\">\n\t\t\t\t\t\t\t\t\t\t<a class=\"elementor-button elementor-button-link elementor-size-sm\" href=\"#\">\n\t\t\t\t\t\t<span class=\"elementor-button-content-wrapper\">\n\t\t\t\t\t\t\t\t\t<span class=\"elementor-button-text\">Volver Arriba \u2191<\/span>\n\t\t\t\t\t<\/span>\n\t\t\t\t\t<\/a>\n\t\t\t\t\t\t\t\t<\/div>\n\t\t\t\t<\/div>\n\t\t\t\t\t<\/div>\n\t\t\t\t<\/div>\n\t\t<div class=\"elementor-element elementor-element-2672f060 e-con-full e-flex e-con e-parent\" data-id=\"2672f060\" data-element_type=\"container\" data-settings=\"{&quot;background_background&quot;:&quot;classic&quot;}\">\n\t\t<div class=\"elementor-element elementor-element-3017714e e-flex e-con-boxed e-con e-child\" data-id=\"3017714e\" data-element_type=\"container\">\n\t\t\t\t\t<div class=\"e-con-inner\">\n\t\t\t\t<div class=\"elementor-element elementor-element-6150d9a1 elementor-widget__width-inherit elementor-widget-tablet__width-inherit elementor-widget elementor-widget-html\" data-id=\"6150d9a1\" data-element_type=\"widget\" data-widget_type=\"html.default\">\n\t\t\t\t\t<div style=\"display:flex; gap:10px; align-items:center; justify-content:center;\">\r\n    <img decoding=\"async\" src=\"https:\/\/www.ceramicamunoz.com\/wp-content\/uploads\/2025\/12\/logo-200x200-footer.png\" style=\"width:100px;\">\r\n    <img decoding=\"async\" src=\"https:\/\/www.ceramicamunoz.com\/wp-content\/uploads\/2025\/12\/logo-artesania-andalucia.png\" style=\"width:100px;\">\r\n    <img decoding=\"async\" src=\"https:\/\/www.ceramicamunoz.com\/wp-content\/uploads\/2025\/12\/logo-camara-de-comercio-andujar-200.png\" style=\"width:100px;\">\r\n    <img decoding=\"async\" src=\"https:\/\/www.ceramicamunoz.com\/wp-content\/uploads\/2025\/12\/logo-agencia-andaluza-de-la-energia.png\" style=\"width:100px;\">\r\n    <img decoding=\"async\" src=\"https:\/\/www.ceramicamunoz.com\/wp-content\/uploads\/2025\/12\/LOGO-COLOR.png\" style=\"width:100px;\">\r\n    <img decoding=\"async\" src=\"https:\/\/www.ceramicamunoz.com\/wp-content\/uploads\/2025\/12\/ES_fundedbyEU_VERTICAL_RGB_POS.png\" style=\"width:100px;\">\r\n<\/div>\r\n\t\t\t\t<\/div>\n\t\t\t\t\t<\/div>\n\t\t\t\t<\/div>\n\t\t<div class=\"elementor-element elementor-element-402bb1a e-con-full e-flex e-con e-child\" data-id=\"402bb1a\" data-element_type=\"container\">\n\t\t\t\t<div class=\"elementor-element elementor-element-7bcb2f5 elementor-widget__width-inherit elementor-widget elementor-widget-text-editor\" data-id=\"7bcb2f5\" data-element_type=\"widget\" data-widget_type=\"text-editor.default\">\n\t\t\t\t\t\t\t\t\t<p style=\"text-align: center;\"><a href=\"https:\/\/www.ceramicamunoz.com\/\">Inicio<\/a><\/p><p style=\"text-align: center;\"><a style=\"color: #000000; text-decoration: none;\" href=\"https:\/\/www.ceramicamunoz.com\/index.php\/sobre-nosotros\/\">Sobre Nosotros<\/a><\/p><p style=\"text-align: center;\"><a style=\"color: #000000; text-decoration: none;\" href=\"https:\/\/www.ceramicamunoz.com\/index.php\/noticias\/\">Noticias<\/a><\/p><p style=\"text-align: center;\"><a style=\"color: #000000; text-decoration: none;\" href=\"https:\/\/www.ceramicamunoz.com\/index.php\/contacto\/\">Contacto<\/a><\/p><p style=\"text-align: center;\"><a style=\"color: #000000; text-decoration: none;\" href=\"https:\/\/www.ceramicamunoz.com\/index.php\/politica-de-privacidad\/\">Pol\u00edtica de Privacidad<\/a><\/p><p style=\"text-align: center;\"><a style=\"color: #000000; text-decoration: none;\" href=\"https:\/\/www.ceramicamunoz.com\/index.php\/aviso-legal\/\">Aviso Legal<\/a><\/p><p style=\"text-align: center;\"><a style=\"color: #000000; text-decoration: none;\" href=\"https:\/\/www.ceramicamunoz.com\/index.php\/politica-de-cookies\/\">Pol\u00edtica de Cookies<\/a><\/p><p><a href=\"https:\/\/www.ceramicamunoz.com\/index.php\/politica-de-accesibilidad\/\">Pol\u00edtica de Accesibilidad<\/a><\/p><p><a href=\"https:\/\/www.ceramicamunoz.com\/index.php\/politica-de-envios-y-devoluciones\/\">Pol\u00edtica de Env\u00edos y Devoluciones<\/a><\/p>\t\t\t\t\t\t\t\t<\/div>\n\t\t\t\t<\/div>\n\t\t<div class=\"elementor-element elementor-element-26c81382 e-con-full e-flex e-con e-child\" data-id=\"26c81382\" data-element_type=\"container\">\n\t\t\t\t<div class=\"elementor-element elementor-element-25e295e6 elementor-widget elementor-widget-text-editor\" data-id=\"25e295e6\" data-element_type=\"widget\" data-widget_type=\"text-editor.default\">\n\t\t\t\t\t\t\t\t\t<p style=\"text-align: center;\" data-start=\"2104\" data-end=\"2126\"><strong><span style=\"color: #1b1b1b;\">Direcci\u00f3n:<\/span><\/strong> Carretera Madrid-C\u00e1diz, Km:320\u00a0 And\u00fajar (Ja\u00e9n)<\/p><p style=\"text-align: center;\" data-start=\"2131\" data-end=\"2141\"><span style=\"color: #1b1b1b;\"><strong>Tel\u00e9fono:<\/strong><\/span> <span style=\"color: #808080;\">953 50 16 97<\/span><\/p><p style=\"text-align: center;\" data-start=\"2146\" data-end=\"2153\"><strong><span style=\"color: #1b1b1b;\">Email: <\/span><\/strong><span style=\"color: #808080;\">info@ceramicamunoz.com<\/span><\/p><h6 style=\"text-align: center;\" data-start=\"2158\" data-end=\"2167\">\u00a0<\/h6>\t\t\t\t\t\t\t\t<\/div>\n\t\t\t\t<\/div>\n\t\t\t\t<\/div>\n\t\t\t\t<\/div>\n\t\t","protected":false},"excerpt":{"rendered":"<p>Pol\u00edtica de Cookies El presente sitio web utiliza cookies propias y de terceros con la finalidad de mejorar la experiencia [&hellip;]<\/p>\n","protected":false},"author":1,"featured_media":0,"parent":0,"menu_order":0,"comment_status":"closed","ping_status":"closed","template":"","meta":{"site-sidebar-layout":"no-sidebar","site-content-layout":"","ast-site-content-layout":"full-width-container","site-content-style":"default","site-sidebar-style":"default","ast-global-header-display":"","ast-banner-title-visibility":"","ast-main-header-display":"","ast-hfb-above-header-display":"","ast-hfb-below-header-display":"","ast-hfb-mobile-header-display":"","site-post-title":"disabled","ast-breadcrumbs-content":"","ast-featured-img":"disabled","footer-sml-layout":"","ast-disable-related-posts":"","theme-transparent-header-meta":"","adv-header-id-meta":"","stick-header-meta":"","header-above-stick-meta":"","header-main-stick-meta":"","header-below-stick-meta":"","astra-migrate-meta-layouts":"default","ast-page-background-enabled":"default","ast-page-background-meta":{"desktop":{"background-color":"var(--ast-global-color-5)","background-image":"","background-repeat":"repeat","background-position":"center center","background-size":"auto","background-attachment":"scroll","background-type":"","background-media":"","overlay-type":"","overlay-color":"","overlay-opacity":"","overlay-gradient":""},"tablet":{"background-color":"","background-image":"","background-repeat":"repeat","background-position":"center center","background-size":"auto","background-attachment":"scroll","background-type":"","background-media":"","overlay-type":"","overlay-color":"","overlay-opacity":"","overlay-gradient":""},"mobile":{"background-color":"","background-image":"","background-repeat":"repeat","background-position":"center center","background-size":"auto","background-attachment":"scroll","background-type":"","background-media":"","overlay-type":"","overlay-color":"","overlay-opacity":"","overlay-gradient":""}},"ast-content-background-meta":{"desktop":{"background-color":"var(--ast-global-color-4)","background-image":"","background-repeat":"repeat","background-position":"center center","background-size":"auto","background-attachment":"scroll","background-type":"","background-media":"","overlay-type":"","overlay-color":"","overlay-opacity":"","overlay-gradient":""},"tablet":{"background-color":"var(--ast-global-color-4)","background-image":"","background-repeat":"repeat","background-position":"center center","background-size":"auto","background-attachment":"scroll","background-type":"","background-media":"","overlay-type":"","overlay-color":"","overlay-opacity":"","overlay-gradient":""},"mobile":{"background-color":"var(--ast-global-color-4)","background-image":"","background-repeat":"repeat","background-position":"center center","background-size":"auto","background-attachment":"scroll","background-type":"","background-media":"","overlay-type":"","overlay-color":"","overlay-opacity":"","overlay-gradient":""}},"footnotes":""},"class_list":["post-1116","page","type-page","status-publish","hentry"],"_links":{"self":[{"href":"https:\/\/www.ceramicamunoz.com\/index.php\/wp-json\/wp\/v2\/pages\/1116","targetHints":{"allow":["GET"]}}],"collection":[{"href":"https:\/\/www.ceramicamunoz.com\/index.php\/wp-json\/wp\/v2\/pages"}],"about":[{"href":"https:\/\/www.ceramicamunoz.com\/index.php\/wp-json\/wp\/v2\/types\/page"}],"author":[{"embeddable":true,"href":"https:\/\/www.ceramicamunoz.com\/index.php\/wp-json\/wp\/v2\/users\/1"}],"replies":[{"embeddable":true,"href":"https:\/\/www.ceramicamunoz.com\/index.php\/wp-json\/wp\/v2\/comments?post=1116"}],"version-history":[{"count":34,"href":"https:\/\/www.ceramicamunoz.com\/index.php\/wp-json\/wp\/v2\/pages\/1116\/revisions"}],"predecessor-version":[{"id":1810,"href":"https:\/\/www.ceramicamunoz.com\/index.php\/wp-json\/wp\/v2\/pages\/1116\/revisions\/1810"}],"wp:attachment":[{"href":"https:\/\/www.ceramicamunoz.com\/index.php\/wp-json\/wp\/v2\/media?parent=1116"}],"curies":[{"name":"wp","href":"https:\/\/api.w.org\/{rel}","templated":true}]}}