{"id":1110,"date":"2025-12-23T08:36:14","date_gmt":"2025-12-23T07:36:14","guid":{"rendered":"http:\/\/ceramicamunoz.local\/?page_id=1110"},"modified":"2026-01-02T19:08:57","modified_gmt":"2026-01-02T18:08:57","slug":"aviso-legal","status":"publish","type":"page","link":"https:\/\/www.ceramicamunoz.com\/index.php\/aviso-legal\/","title":{"rendered":"Aviso Legal"},"content":{"rendered":"\t\t<div data-elementor-type=\"wp-page\" data-elementor-id=\"1110\" class=\"elementor elementor-1110\">\n\t\t\t\t<div class=\"elementor-element elementor-element-f1736b5 e-flex e-con-boxed e-con e-parent\" data-id=\"f1736b5\" data-element_type=\"container\" data-settings=\"{&quot;background_background&quot;:&quot;classic&quot;}\">\n\t\t\t\t\t<div class=\"e-con-inner\">\n\t\t<div class=\"elementor-element elementor-element-5a77ea5 e-con-full e-flex e-con e-child\" data-id=\"5a77ea5\" data-element_type=\"container\" data-settings=\"{&quot;background_background&quot;:&quot;classic&quot;}\">\n\t\t\t\t<div class=\"elementor-element elementor-element-f32065f elementor-widget__width-inherit elementor-widget elementor-widget-heading\" data-id=\"f32065f\" data-element_type=\"widget\" data-widget_type=\"heading.default\">\n\t\t\t\t\t<h2 class=\"elementor-heading-title elementor-size-default\">Aviso Legal<\/h2>\t\t\t\t<\/div>\n\t\t\t\t<div class=\"elementor-element elementor-element-fc2627f elementor-widget__width-inherit elementor-widget elementor-widget-text-editor\" data-id=\"fc2627f\" data-element_type=\"widget\" data-widget_type=\"text-editor.default\">\n\t\t\t\t\t\t\t\t\t<p data-start=\"305\" data-end=\"559\">En cumplimiento con el deber de informaci\u00f3n establecido en la Ley 34\/2002, de 11 de julio, de Servicios de la Sociedad de la Informaci\u00f3n y de Comercio Electr\u00f3nico (LSSI-CE), se facilitan a continuaci\u00f3n los datos identificativos del titular del sitio web.<\/p><h3 data-start=\"561\" data-end=\"589\">1. Datos identificativos<\/h3><p data-start=\"591\" data-end=\"809\">Titular: <strong data-start=\"600\" data-end=\"618\">Cer\u00e1mica Iliturgitana Mu\u00f1oz<\/strong><br data-start=\"618\" data-end=\"621\" \/>Actividad: <strong data-start=\"632\" data-end=\"690\">Fabricaci\u00f3n y venta de productos de cer\u00e1mica artesanal<\/strong><br data-start=\"690\" data-end=\"693\" \/>Direcci\u00f3n: <strong data-start=\"704\" data-end=\"760\">Carretera Madrid-C\u00e1diz, Km 320, 23740 And\u00fajar (Ja\u00e9n)<\/strong><br data-start=\"760\" data-end=\"763\" \/>Correo electr\u00f3nico: <strong data-start=\"783\" data-end=\"809\"><a class=\"decorated-link cursor-pointer\" rel=\"noopener\" data-start=\"785\" data-end=\"807\">info@ceramicamunoz.com<\/a><\/strong><\/p><h3 data-start=\"811\" data-end=\"824\">2. Objeto<\/h3><p data-start=\"826\" data-end=\"995\">El presente Aviso Legal regula el acceso, navegaci\u00f3n y uso del sitio web de Cer\u00e1mica Mu\u00f1oz, as\u00ed como las responsabilidades derivadas de la utilizaci\u00f3n de sus contenidos.<\/p><p data-start=\"997\" data-end=\"1226\">A trav\u00e9s de este sitio web se ofrece informaci\u00f3n sobre la actividad, productos y servicios de Cer\u00e1mica Mu\u00f1oz.<br data-start=\"1106\" data-end=\"1109\" \/>La tienda online y el cat\u00e1logo de productos se encuentran actualmente en desarrollo y se habilitar\u00e1n progresivamente.<\/p><h3 data-start=\"1228\" data-end=\"1253\">3. Condiciones de uso<\/h3><p data-start=\"1255\" data-end=\"1381\">El acceso a este sitio web atribuye la condici\u00f3n de usuario e implica la aceptaci\u00f3n plena de las presentes condiciones de uso.<\/p><p data-start=\"1383\" data-end=\"1658\">El usuario se compromete a hacer un uso adecuado de los contenidos y servicios ofrecidos y, en particular, a no emplearlos para actividades il\u00edcitas, contrarias a la buena fe o al orden p\u00fablico, ni a provocar da\u00f1os en los sistemas f\u00edsicos o l\u00f3gicos del titular o de terceros.<\/p><h3 data-start=\"1660\" data-end=\"1682\">4. Responsabilidad<\/h3><p data-start=\"1684\" data-end=\"1893\">Cer\u00e1mica Mu\u00f1oz no se responsabiliza de los errores u omisiones de los contenidos del sitio web, ni de los da\u00f1os derivados de su uso, ni de actuaciones realizadas en base a la informaci\u00f3n que en \u00e9l se facilita.<\/p><p data-start=\"1895\" data-end=\"2032\">Asimismo, el titular se reserva el derecho a modificar, actualizar o eliminar los contenidos del sitio web sin necesidad de previo aviso.<\/p><h3 data-start=\"2034\" data-end=\"2057\">5. Enlaces externos<\/h3><p data-start=\"2059\" data-end=\"2295\">En el caso de que el sitio web dispusiera de enlaces o hiperv\u00ednculos hacia otros sitios de Internet, Cer\u00e1mica Mu\u00f1oz no ejercer\u00e1 ning\u00fan tipo de control sobre dichos sitios y contenidos, no asumiendo responsabilidad alguna por los mismos.<\/p><h3 data-start=\"2297\" data-end=\"2338\">6. Propiedad intelectual e industrial<\/h3><p data-start=\"2340\" data-end=\"2537\">Todos los contenidos del sitio web (textos, im\u00e1genes, dise\u00f1os, logotipos, fotograf\u00edas, v\u00eddeos, estructura y c\u00f3digo fuente) son titularidad de Cer\u00e1mica Mu\u00f1oz o de terceros que han autorizado su uso.<\/p><p data-start=\"2539\" data-end=\"2715\">Queda expresamente prohibida la reproducci\u00f3n, distribuci\u00f3n o comunicaci\u00f3n p\u00fablica, total o parcial, de los contenidos de este sitio web sin la autorizaci\u00f3n expresa del titular.<\/p><h3 data-start=\"2717\" data-end=\"2754\">7. Protecci\u00f3n de datos personales<\/h3><p data-start=\"2756\" data-end=\"2899\">El tratamiento de los datos personales del usuario se regir\u00e1 por lo dispuesto en la <strong data-start=\"2840\" data-end=\"2866\">Pol\u00edtica de Privacidad<\/strong>, accesible desde este sitio web.<\/p><h3 data-start=\"2901\" data-end=\"2922\">8. Uso de cookies<\/h3><p data-start=\"2924\" data-end=\"3081\">Este sitio web utiliza cookies t\u00e9cnicas y, en su caso, otras cookies conforme a lo establecido en la <strong data-start=\"3025\" data-end=\"3048\">Pol\u00edtica de Cookies<\/strong>, accesible desde este sitio web.<\/p><h3 data-start=\"3083\" data-end=\"3126\">9. Legislaci\u00f3n aplicable y jurisdicci\u00f3n<\/h3><p data-start=\"3128\" data-end=\"3361\">La relaci\u00f3n entre el usuario y Cer\u00e1mica Mu\u00f1oz se regir\u00e1 por la normativa espa\u00f1ola vigente.<br data-start=\"3218\" data-end=\"3221\" \/>Cualquier controversia se someter\u00e1 a los Juzgados y Tribunales de la provincia de Ja\u00e9n, salvo que la normativa aplicable disponga otra cosa.<\/p>\t\t\t\t\t\t\t\t<\/div>\n\t\t\t\t<\/div>\n\t\t\t\t<div class=\"elementor-element elementor-element-1f09b32 elementor-widget elementor-widget-spacer\" data-id=\"1f09b32\" data-element_type=\"widget\" data-widget_type=\"spacer.default\">\n\t\t\t\t\t\t\t<div class=\"elementor-spacer\">\n\t\t\t<div class=\"elementor-spacer-inner\"><\/div>\n\t\t<\/div>\n\t\t\t\t\t\t<\/div>\n\t\t<div class=\"elementor-element elementor-element-86aed0c e-con-full e-flex e-con e-child\" data-id=\"86aed0c\" data-element_type=\"container\">\n\t\t\t\t<div class=\"elementor-element elementor-element-6ec3fbd elementor-align-center elementor-hidden-tablet elementor-hidden-mobile elementor-widget elementor-widget-button\" data-id=\"6ec3fbd\" data-element_type=\"widget\" data-widget_type=\"button.default\">\n\t\t\t\t\t\t\t\t\t\t<a class=\"elementor-button elementor-button-link elementor-size-sm\" href=\"#\">\n\t\t\t\t\t\t<span class=\"elementor-button-content-wrapper\">\n\t\t\t\t\t\t\t\t\t<span class=\"elementor-button-text\">Volver Arriba \u2191<\/span>\n\t\t\t\t\t<\/span>\n\t\t\t\t\t<\/a>\n\t\t\t\t\t\t\t\t<\/div>\n\t\t\t\t<\/div>\n\t\t\t\t\t<\/div>\n\t\t\t\t<\/div>\n\t\t<div class=\"elementor-element elementor-element-2672f060 e-con-full e-flex e-con e-parent\" data-id=\"2672f060\" data-element_type=\"container\" data-settings=\"{&quot;background_background&quot;:&quot;classic&quot;}\">\n\t\t<div class=\"elementor-element elementor-element-3017714e e-flex e-con-boxed e-con e-child\" data-id=\"3017714e\" data-element_type=\"container\">\n\t\t\t\t\t<div class=\"e-con-inner\">\n\t\t\t\t<div class=\"elementor-element elementor-element-6150d9a1 elementor-widget__width-inherit elementor-widget-tablet__width-inherit elementor-widget elementor-widget-html\" data-id=\"6150d9a1\" data-element_type=\"widget\" data-widget_type=\"html.default\">\n\t\t\t\t\t<div style=\"display:flex; gap:10px; align-items:center; justify-content:center;\">\r\n    <img decoding=\"async\" src=\"https:\/\/www.ceramicamunoz.com\/wp-content\/uploads\/2025\/12\/logo-200x200-footer.png\" style=\"width:100px;\">\r\n    <img decoding=\"async\" src=\"https:\/\/www.ceramicamunoz.com\/wp-content\/uploads\/2025\/12\/logo-artesania-andalucia.png\" style=\"width:100px;\">\r\n    <img decoding=\"async\" src=\"https:\/\/www.ceramicamunoz.com\/wp-content\/uploads\/2025\/12\/logo-camara-de-comercio-andujar-200.png\" style=\"width:100px;\">\r\n    <img decoding=\"async\" src=\"https:\/\/www.ceramicamunoz.com\/wp-content\/uploads\/2025\/12\/logo-agencia-andaluza-de-la-energia.png\" style=\"width:100px;\">\r\n    <img decoding=\"async\" src=\"https:\/\/www.ceramicamunoz.com\/wp-content\/uploads\/2025\/12\/LOGO-COLOR.png\" style=\"width:100px;\">\r\n    <img decoding=\"async\" src=\"https:\/\/www.ceramicamunoz.com\/wp-content\/uploads\/2025\/12\/ES_fundedbyEU_VERTICAL_RGB_POS.png\" style=\"width:100px;\">\r\n<\/div>\r\n\t\t\t\t<\/div>\n\t\t\t\t\t<\/div>\n\t\t\t\t<\/div>\n\t\t<div class=\"elementor-element elementor-element-5d669e8b e-con-full e-flex e-con e-child\" data-id=\"5d669e8b\" data-element_type=\"container\">\n\t\t\t\t<div class=\"elementor-element elementor-element-3a4d9f81 elementor-widget__width-inherit elementor-widget elementor-widget-text-editor\" data-id=\"3a4d9f81\" data-element_type=\"widget\" data-widget_type=\"text-editor.default\">\n\t\t\t\t\t\t\t\t\t<p style=\"text-align: center;\"><a href=\"https:\/\/www.ceramicamunoz.com\/\">Inicio<\/a><\/p><p style=\"text-align: center;\"><a style=\"color: #000000; text-decoration: none;\" href=\"https:\/\/www.ceramicamunoz.com\/index.php\/sobre-nosotros\/\">Sobre Nosotros<\/a><\/p><p style=\"text-align: center;\"><a style=\"color: #000000; text-decoration: none;\" href=\"https:\/\/www.ceramicamunoz.com\/index.php\/noticias\/\">Noticias<\/a><\/p><p style=\"text-align: center;\"><a style=\"color: #000000; text-decoration: none;\" href=\"https:\/\/www.ceramicamunoz.com\/index.php\/contacto\/\">Contacto<\/a><\/p><p style=\"text-align: center;\"><a style=\"color: #000000; text-decoration: none;\" href=\"https:\/\/www.ceramicamunoz.com\/index.php\/politica-de-privacidad\/\">Pol\u00edtica de Privacidad<\/a><\/p><p style=\"text-align: center;\"><a style=\"color: #000000; text-decoration: none;\" href=\"https:\/\/www.ceramicamunoz.com\/index.php\/aviso-legal\/\">Aviso Legal<\/a><\/p><p style=\"text-align: center;\"><a style=\"color: #000000; text-decoration: none;\" href=\"https:\/\/www.ceramicamunoz.com\/index.php\/politica-de-cookies\/\">Pol\u00edtica de Cookies<\/a><\/p><p><a href=\"https:\/\/www.ceramicamunoz.com\/index.php\/politica-de-accesibilidad\/\">Pol\u00edtica de Accesibilidad<\/a><\/p><p><a href=\"https:\/\/www.ceramicamunoz.com\/index.php\/politica-de-envios-y-devoluciones\/\">Pol\u00edtica de Env\u00edos y Devoluciones<\/a><\/p>\t\t\t\t\t\t\t\t<\/div>\n\t\t\t\t<\/div>\n\t\t<div class=\"elementor-element elementor-element-26c81382 e-con-full e-flex e-con e-child\" data-id=\"26c81382\" data-element_type=\"container\">\n\t\t\t\t<div class=\"elementor-element elementor-element-25e295e6 elementor-widget elementor-widget-text-editor\" data-id=\"25e295e6\" data-element_type=\"widget\" data-widget_type=\"text-editor.default\">\n\t\t\t\t\t\t\t\t\t<p style=\"text-align: center;\" data-start=\"2104\" data-end=\"2126\"><strong><span style=\"color: #1b1b1b;\">Direcci\u00f3n:<\/span><\/strong> Carretera Madrid-C\u00e1diz, Km:320\u00a0 And\u00fajar (Ja\u00e9n)<\/p><p style=\"text-align: center;\" data-start=\"2131\" data-end=\"2141\"><span style=\"color: #1b1b1b;\"><strong>Tel\u00e9fono:<\/strong><\/span> <span style=\"color: #808080;\">953 50 16 97<\/span><\/p><p style=\"text-align: center;\" data-start=\"2146\" data-end=\"2153\"><strong><span style=\"color: #1b1b1b;\">Email: <\/span><\/strong><span style=\"color: #808080;\">info@ceramicamunoz.com<\/span><\/p><h6 style=\"text-align: center;\" data-start=\"2158\" data-end=\"2167\">\u00a0<\/h6>\t\t\t\t\t\t\t\t<\/div>\n\t\t\t\t<\/div>\n\t\t\t\t<\/div>\n\t\t\t\t<\/div>\n\t\t","protected":false},"excerpt":{"rendered":"<p>Aviso Legal En cumplimiento con el deber de informaci\u00f3n establecido en la Ley 34\/2002, de 11 de julio, de Servicios [&hellip;]<\/p>\n","protected":false},"author":1,"featured_media":0,"parent":0,"menu_order":0,"comment_status":"closed","ping_status":"closed","template":"","meta":{"site-sidebar-layout":"no-sidebar","site-content-layout":"","ast-site-content-layout":"full-width-container","site-content-style":"default","site-sidebar-style":"default","ast-global-header-display":"","ast-banner-title-visibility":"","ast-main-header-display":"","ast-hfb-above-header-display":"","ast-hfb-below-header-display":"","ast-hfb-mobile-header-display":"","site-post-title":"disabled","ast-breadcrumbs-content":"","ast-featured-img":"disabled","footer-sml-layout":"","ast-disable-related-posts":"","theme-transparent-header-meta":"","adv-header-id-meta":"","stick-header-meta":"","header-above-stick-meta":"","header-main-stick-meta":"","header-below-stick-meta":"","astra-migrate-meta-layouts":"default","ast-page-background-enabled":"default","ast-page-background-meta":{"desktop":{"background-color":"var(--ast-global-color-5)","background-image":"","background-repeat":"repeat","background-position":"center center","background-size":"auto","background-attachment":"scroll","background-type":"","background-media":"","overlay-type":"","overlay-color":"","overlay-opacity":"","overlay-gradient":""},"tablet":{"background-color":"","background-image":"","background-repeat":"repeat","background-position":"center center","background-size":"auto","background-attachment":"scroll","background-type":"","background-media":"","overlay-type":"","overlay-color":"","overlay-opacity":"","overlay-gradient":""},"mobile":{"background-color":"","background-image":"","background-repeat":"repeat","background-position":"center center","background-size":"auto","background-attachment":"scroll","background-type":"","background-media":"","overlay-type":"","overlay-color":"","overlay-opacity":"","overlay-gradient":""}},"ast-content-background-meta":{"desktop":{"background-color":"var(--ast-global-color-4)","background-image":"","background-repeat":"repeat","background-position":"center center","background-size":"auto","background-attachment":"scroll","background-type":"","background-media":"","overlay-type":"","overlay-color":"","overlay-opacity":"","overlay-gradient":""},"tablet":{"background-color":"var(--ast-global-color-4)","background-image":"","background-repeat":"repeat","background-position":"center center","background-size":"auto","background-attachment":"scroll","background-type":"","background-media":"","overlay-type":"","overlay-color":"","overlay-opacity":"","overlay-gradient":""},"mobile":{"background-color":"var(--ast-global-color-4)","background-image":"","background-repeat":"repeat","background-position":"center center","background-size":"auto","background-attachment":"scroll","background-type":"","background-media":"","overlay-type":"","overlay-color":"","overlay-opacity":"","overlay-gradient":""}},"footnotes":""},"class_list":["post-1110","page","type-page","status-publish","hentry"],"_links":{"self":[{"href":"https:\/\/www.ceramicamunoz.com\/index.php\/wp-json\/wp\/v2\/pages\/1110","targetHints":{"allow":["GET"]}}],"collection":[{"href":"https:\/\/www.ceramicamunoz.com\/index.php\/wp-json\/wp\/v2\/pages"}],"about":[{"href":"https:\/\/www.ceramicamunoz.com\/index.php\/wp-json\/wp\/v2\/types\/page"}],"author":[{"embeddable":true,"href":"https:\/\/www.ceramicamunoz.com\/index.php\/wp-json\/wp\/v2\/users\/1"}],"replies":[{"embeddable":true,"href":"https:\/\/www.ceramicamunoz.com\/index.php\/wp-json\/wp\/v2\/comments?post=1110"}],"version-history":[{"count":16,"href":"https:\/\/www.ceramicamunoz.com\/index.php\/wp-json\/wp\/v2\/pages\/1110\/revisions"}],"predecessor-version":[{"id":1831,"href":"https:\/\/www.ceramicamunoz.com\/index.php\/wp-json\/wp\/v2\/pages\/1110\/revisions\/1831"}],"wp:attachment":[{"href":"https:\/\/www.ceramicamunoz.com\/index.php\/wp-json\/wp\/v2\/media?parent=1110"}],"curies":[{"name":"wp","href":"https:\/\/api.w.org\/{rel}","templated":true}]}}