{"id":1100,"date":"2025-12-23T08:25:53","date_gmt":"2025-12-23T07:25:53","guid":{"rendered":"http:\/\/ceramicamunoz.local\/?page_id=1100"},"modified":"2026-01-02T19:04:32","modified_gmt":"2026-01-02T18:04:32","slug":"politica-de-privacidad","status":"publish","type":"page","link":"https:\/\/www.ceramicamunoz.com\/index.php\/politica-de-privacidad\/","title":{"rendered":"Pol\u00edtica de Privacidad"},"content":{"rendered":"\t\t<div data-elementor-type=\"wp-page\" data-elementor-id=\"1100\" class=\"elementor elementor-1100\">\n\t\t\t\t<div class=\"elementor-element elementor-element-f1736b5 e-flex e-con-boxed e-con e-parent\" data-id=\"f1736b5\" data-element_type=\"container\" data-settings=\"{&quot;background_background&quot;:&quot;classic&quot;}\">\n\t\t\t\t\t<div class=\"e-con-inner\">\n\t\t<div class=\"elementor-element elementor-element-5a77ea5 e-con-full e-flex e-con e-child\" data-id=\"5a77ea5\" data-element_type=\"container\" data-settings=\"{&quot;background_background&quot;:&quot;classic&quot;}\">\n\t\t\t\t<div class=\"elementor-element elementor-element-f32065f elementor-widget__width-inherit elementor-widget elementor-widget-heading\" data-id=\"f32065f\" data-element_type=\"widget\" data-widget_type=\"heading.default\">\n\t\t\t\t\t<h2 class=\"elementor-heading-title elementor-size-default\">Pol\u00edtica de Privacidad<\/h2>\t\t\t\t<\/div>\n\t\t\t\t<div class=\"elementor-element elementor-element-fc2627f elementor-widget__width-inherit elementor-widget elementor-widget-text-editor\" data-id=\"fc2627f\" data-element_type=\"widget\" data-widget_type=\"text-editor.default\">\n\t\t\t\t\t\t\t\t\t<h3 data-start=\"856\" data-end=\"885\">1. Informaci\u00f3n al usuario<\/h3><p data-start=\"887\" data-end=\"1297\">Cer\u00e1mica Mu\u00f1oz, como responsable del presente sitio web, pone a disposici\u00f3n de los usuarios la presente Pol\u00edtica de Privacidad con el fin de informarles sobre el tratamiento de los datos personales que se recaban a trav\u00e9s del mismo, de conformidad con lo dispuesto en el Reglamento (UE) 2016\/679 (RGPD) y la Ley Org\u00e1nica 3\/2018, de Protecci\u00f3n de Datos Personales y garant\u00eda de los derechos digitales (LOPDGDD).<\/p><h3 data-start=\"1304\" data-end=\"1338\">\u00a0<\/h3><h3 data-start=\"1304\" data-end=\"1338\">2. Responsable del tratamiento<\/h3><p data-start=\"1340\" data-end=\"1486\"><strong data-start=\"1340\" data-end=\"1356\">Responsable:<\/strong> Cer\u00e1mica Iliturgitana Mu\u00f1oz<br data-start=\"1371\" data-end=\"1374\" \/><strong data-start=\"1374\" data-end=\"1388\">Direcci\u00f3n:<\/strong> Carretera Madrid-C\u00e1diz, Km 320, And\u00fajar (Ja\u00e9n)<br data-start=\"1435\" data-end=\"1438\" \/><strong data-start=\"1438\" data-end=\"1461\">Correo electr\u00f3nico:<\/strong> <a class=\"decorated-link cursor-pointer\" rel=\"noopener\" data-start=\"1462\" data-end=\"1484\">info@ceramicamunoz.com<\/a><\/p><h3 data-start=\"1493\" data-end=\"1531\">3. Datos personales que se recogen<\/h3><p data-start=\"1533\" data-end=\"1615\">A trav\u00e9s del presente sitio web se pueden recoger los siguientes datos personales:<\/p><ul data-start=\"1617\" data-end=\"1819\"><li data-start=\"1617\" data-end=\"1639\"><p data-start=\"1619\" data-end=\"1639\">Nombre y apellidos<\/p><\/li><li data-start=\"1640\" data-end=\"1675\"><p data-start=\"1642\" data-end=\"1675\">Direcci\u00f3n de correo electr\u00f3nico<\/p><\/li><li data-start=\"1676\" data-end=\"1819\"><p data-start=\"1678\" data-end=\"1819\">Cualquier otro dato que el usuario facilite voluntariamente a trav\u00e9s de los formularios de contacto o comunicaciones por correo electr\u00f3nico<\/p><\/li><\/ul><h3 data-start=\"1826\" data-end=\"1871\">\u00a0<\/h3><h3 data-start=\"1826\" data-end=\"1871\">4. Finalidad del tratamiento de los datos<\/h3><p data-start=\"1873\" data-end=\"1967\">Los datos personales facilitados por el usuario ser\u00e1n tratados con las siguientes finalidades:<\/p><ul data-start=\"1969\" data-end=\"2324\"><li data-start=\"1969\" data-end=\"2070\"><p data-start=\"1971\" data-end=\"2070\">Atender consultas o solicitudes de informaci\u00f3n realizadas a trav\u00e9s de los formularios de contacto<\/p><\/li><li data-start=\"2071\" data-end=\"2169\"><p data-start=\"2073\" data-end=\"2169\">Gestionar encargos, pedidos o solicitudes relacionadas con los productos o servicios ofrecidos<\/p><\/li><li data-start=\"2170\" data-end=\"2324\"><p data-start=\"2172\" data-end=\"2324\">Mantener comunicaciones comerciales o informativas relacionadas con la actividad de Cer\u00e1mica Mu\u00f1oz, siempre que el usuario haya dado su consentimiento<\/p><\/li><\/ul><h3 data-start=\"2331\" data-end=\"2370\">\u00a0<\/h3><h3 data-start=\"2331\" data-end=\"2370\">5. Legitimaci\u00f3n para el tratamiento<\/h3><p data-start=\"2372\" data-end=\"2422\">La base legal para el tratamiento de los datos es:<\/p><ul data-start=\"2424\" data-end=\"2614\"><li data-start=\"2424\" data-end=\"2540\"><p data-start=\"2426\" data-end=\"2540\">El consentimiento expreso del usuario al marcar las casillas correspondientes o enviar voluntariamente sus datos<\/p><\/li><li data-start=\"2541\" data-end=\"2614\"><p data-start=\"2543\" data-end=\"2614\">La ejecuci\u00f3n de una relaci\u00f3n contractual o precontractual, en su caso<\/p><\/li><\/ul><h3 data-start=\"2621\" data-end=\"2653\">\u00a0<\/h3><h3 data-start=\"2621\" data-end=\"2653\">6. Conservaci\u00f3n de los datos<\/h3><p data-start=\"2655\" data-end=\"2928\">Los datos personales se conservar\u00e1n durante el tiempo estrictamente necesario para cumplir con la finalidad para la que fueron recabados y para determinar las posibles responsabilidades que se pudieran derivar, adem\u00e1s de los per\u00edodos establecidos en la normativa aplicable.<\/p><h3 data-start=\"2935\" data-end=\"2968\">\u00a0<\/h3><h3 data-start=\"2935\" data-end=\"2968\">7. Destinatarios de los datos<\/h3><p data-start=\"2970\" data-end=\"3169\">Cer\u00e1mica Mu\u00f1oz no ceder\u00e1 los datos personales a terceros, salvo obligaci\u00f3n legal o cuando sea estrictamente necesario para la prestaci\u00f3n del servicio (por ejemplo, proveedores de servicios t\u00e9cnicos).<\/p><h3 data-start=\"3176\" data-end=\"3203\">\u00a0<\/h3><h3 data-start=\"3176\" data-end=\"3203\">8. Derechos del usuario<\/h3><p data-start=\"3205\" data-end=\"3232\">El usuario tiene derecho a:<\/p><ul data-start=\"3234\" data-end=\"3532\"><li data-start=\"3234\" data-end=\"3268\"><p data-start=\"3236\" data-end=\"3268\">Acceder a sus datos personales<\/p><\/li><li data-start=\"3269\" data-end=\"3322\"><p data-start=\"3271\" data-end=\"3322\">Solicitar la rectificaci\u00f3n de los datos inexactos<\/p><\/li><li data-start=\"3323\" data-end=\"3391\"><p data-start=\"3325\" data-end=\"3391\">Solicitar la supresi\u00f3n de sus datos cuando ya no sean necesarios<\/p><\/li><li data-start=\"3392\" data-end=\"3448\"><p data-start=\"3394\" data-end=\"3448\">Solicitar la limitaci\u00f3n del tratamiento de sus datos<\/p><\/li><li data-start=\"3449\" data-end=\"3489\"><p data-start=\"3451\" data-end=\"3489\">Oponerse al tratamiento de sus datos<\/p><\/li><li data-start=\"3490\" data-end=\"3532\"><p data-start=\"3492\" data-end=\"3532\">Solicitar la portabilidad de sus datos<\/p><\/li><\/ul><p data-start=\"3534\" data-end=\"3714\">Para ejercer estos derechos, el usuario puede enviar una solicitud a la direcci\u00f3n de correo electr\u00f3nico <strong data-start=\"3638\" data-end=\"3664\"><a class=\"decorated-link cursor-pointer\" rel=\"noopener\" data-start=\"3640\" data-end=\"3662\">info@ceramicamunoz.com<\/a><\/strong>, adjuntando copia de un documento identificativo.<\/p><h3 data-start=\"3721\" data-end=\"3748\">\u00a0<\/h3><h3 data-start=\"3721\" data-end=\"3748\">9. Medidas de seguridad<\/h3><p data-start=\"3750\" data-end=\"3973\">Cer\u00e1mica Mu\u00f1oz adopta las medidas t\u00e9cnicas y organizativas necesarias para garantizar la seguridad, integridad y confidencialidad de los datos personales, evitando su alteraci\u00f3n, p\u00e9rdida, tratamiento o acceso no autorizado.<\/p><h3 data-start=\"3980\" data-end=\"4024\">\u00a0<\/h3><h3 data-start=\"3980\" data-end=\"4024\">10. Cambios en la pol\u00edtica de privacidad<\/h3><p data-start=\"4026\" data-end=\"4271\">Cer\u00e1mica Mu\u00f1oz se reserva el derecho a modificar la presente Pol\u00edtica de Privacidad para adaptarla a novedades legislativas o jurisprudenciales. En dichos casos, se anunciar\u00e1n los cambios introducidos en esta p\u00e1gina con una antelaci\u00f3n razonable.<\/p>\t\t\t\t\t\t\t\t<\/div>\n\t\t\t\t<\/div>\n\t\t\t\t<div class=\"elementor-element elementor-element-1f09b32 elementor-widget elementor-widget-spacer\" data-id=\"1f09b32\" data-element_type=\"widget\" data-widget_type=\"spacer.default\">\n\t\t\t\t\t\t\t<div class=\"elementor-spacer\">\n\t\t\t<div class=\"elementor-spacer-inner\"><\/div>\n\t\t<\/div>\n\t\t\t\t\t\t<\/div>\n\t\t<div class=\"elementor-element elementor-element-86aed0c e-con-full e-flex e-con e-child\" data-id=\"86aed0c\" data-element_type=\"container\">\n\t\t\t\t<div class=\"elementor-element elementor-element-6ec3fbd elementor-align-center elementor-hidden-tablet elementor-hidden-mobile elementor-widget elementor-widget-button\" data-id=\"6ec3fbd\" data-element_type=\"widget\" data-widget_type=\"button.default\">\n\t\t\t\t\t\t\t\t\t\t<a class=\"elementor-button elementor-button-link elementor-size-sm\" href=\"#\">\n\t\t\t\t\t\t<span class=\"elementor-button-content-wrapper\">\n\t\t\t\t\t\t\t\t\t<span class=\"elementor-button-text\">Volver Arriba \u2191<\/span>\n\t\t\t\t\t<\/span>\n\t\t\t\t\t<\/a>\n\t\t\t\t\t\t\t\t<\/div>\n\t\t\t\t<\/div>\n\t\t\t\t\t<\/div>\n\t\t\t\t<\/div>\n\t\t<div class=\"elementor-element elementor-element-2672f060 e-con-full e-flex e-con e-parent\" data-id=\"2672f060\" data-element_type=\"container\" data-settings=\"{&quot;background_background&quot;:&quot;classic&quot;}\">\n\t\t<div class=\"elementor-element elementor-element-3017714e e-flex e-con-boxed e-con e-child\" data-id=\"3017714e\" data-element_type=\"container\">\n\t\t\t\t\t<div class=\"e-con-inner\">\n\t\t\t\t<div class=\"elementor-element elementor-element-6150d9a1 elementor-widget__width-inherit elementor-widget-tablet__width-inherit elementor-widget elementor-widget-html\" data-id=\"6150d9a1\" data-element_type=\"widget\" data-widget_type=\"html.default\">\n\t\t\t\t\t<div style=\"display:flex; gap:10px; align-items:center; justify-content:center;\">\r\n    <img decoding=\"async\" src=\"https:\/\/www.ceramicamunoz.com\/wp-content\/uploads\/2025\/12\/logo-200x200-footer.png\" style=\"width:100px;\">\r\n    <img decoding=\"async\" src=\"https:\/\/www.ceramicamunoz.com\/wp-content\/uploads\/2025\/12\/logo-artesania-andalucia.png\" style=\"width:100px;\">\r\n    <img decoding=\"async\" src=\"https:\/\/www.ceramicamunoz.com\/wp-content\/uploads\/2025\/12\/logo-camara-de-comercio-andujar-200.png\" style=\"width:100px;\">\r\n    <img decoding=\"async\" src=\"https:\/\/www.ceramicamunoz.com\/wp-content\/uploads\/2025\/12\/logo-agencia-andaluza-de-la-energia.png\" style=\"width:100px;\">\r\n    <img decoding=\"async\" src=\"https:\/\/www.ceramicamunoz.com\/wp-content\/uploads\/2025\/12\/LOGO-COLOR.png\" style=\"width:100px;\">\r\n    <img decoding=\"async\" src=\"https:\/\/www.ceramicamunoz.com\/wp-content\/uploads\/2025\/12\/ES_fundedbyEU_VERTICAL_RGB_POS.png\" style=\"width:100px;\">\r\n<\/div>\r\n\t\t\t\t<\/div>\n\t\t\t\t\t<\/div>\n\t\t\t\t<\/div>\n\t\t<div class=\"elementor-element elementor-element-4706b2a e-con-full e-flex e-con e-child\" data-id=\"4706b2a\" data-element_type=\"container\">\n\t\t\t\t<div class=\"elementor-element elementor-element-07a5a06 elementor-widget__width-inherit elementor-widget elementor-widget-text-editor\" data-id=\"07a5a06\" data-element_type=\"widget\" data-widget_type=\"text-editor.default\">\n\t\t\t\t\t\t\t\t\t<p style=\"text-align: center;\"><a href=\"https:\/\/www.ceramicamunoz.com\/\">Inicio<\/a><\/p><p style=\"text-align: center;\"><a style=\"color: #000000; text-decoration: none;\" href=\"https:\/\/www.ceramicamunoz.com\/index.php\/sobre-nosotros\/\">Sobre Nosotros<\/a><\/p><p style=\"text-align: center;\"><a style=\"color: #000000; text-decoration: none;\" href=\"https:\/\/www.ceramicamunoz.com\/index.php\/noticias\/\">Noticias<\/a><\/p><p style=\"text-align: center;\"><a style=\"color: #000000; text-decoration: none;\" href=\"https:\/\/www.ceramicamunoz.com\/index.php\/contacto\/\">Contacto<\/a><\/p><p style=\"text-align: center;\"><a style=\"color: #000000; text-decoration: none;\" href=\"https:\/\/www.ceramicamunoz.com\/index.php\/politica-de-privacidad\/\">Pol\u00edtica de Privacidad<\/a><\/p><p style=\"text-align: center;\"><a style=\"color: #000000; text-decoration: none;\" href=\"https:\/\/www.ceramicamunoz.com\/index.php\/aviso-legal\/\">Aviso Legal<\/a><\/p><p style=\"text-align: center;\"><a style=\"color: #000000; text-decoration: none;\" href=\"https:\/\/www.ceramicamunoz.com\/index.php\/politica-de-cookies\/\">Pol\u00edtica de Cookies<\/a><\/p><p><a href=\"https:\/\/www.ceramicamunoz.com\/index.php\/politica-de-accesibilidad\/\">Pol\u00edtica de Accesibilidad<\/a><\/p><p><a href=\"https:\/\/www.ceramicamunoz.com\/index.php\/politica-de-envios-y-devoluciones\/\">Pol\u00edtica de Env\u00edos y Devoluciones<\/a><\/p>\t\t\t\t\t\t\t\t<\/div>\n\t\t\t\t<\/div>\n\t\t<div class=\"elementor-element elementor-element-26c81382 e-con-full e-flex e-con e-child\" data-id=\"26c81382\" data-element_type=\"container\">\n\t\t\t\t<div class=\"elementor-element elementor-element-25e295e6 elementor-widget elementor-widget-text-editor\" data-id=\"25e295e6\" data-element_type=\"widget\" data-widget_type=\"text-editor.default\">\n\t\t\t\t\t\t\t\t\t<p style=\"text-align: center;\" data-start=\"2104\" data-end=\"2126\"><strong><span style=\"color: #1b1b1b;\">Direcci\u00f3n:<\/span><\/strong> Carretera Madrid-C\u00e1diz, Km:320\u00a0 And\u00fajar (Ja\u00e9n)<\/p><p style=\"text-align: center;\" data-start=\"2131\" data-end=\"2141\"><span style=\"color: #1b1b1b;\"><strong>Tel\u00e9fono:<\/strong><\/span> <span style=\"color: #808080;\">953 50 16 97<\/span><\/p><p style=\"text-align: center;\" data-start=\"2146\" data-end=\"2153\"><strong><span style=\"color: #1b1b1b;\">Email: <\/span><\/strong><span style=\"color: #808080;\">info@ceramicamunoz.com<\/span><\/p><h6 style=\"text-align: center;\" data-start=\"2158\" data-end=\"2167\">\u00a0<\/h6>\t\t\t\t\t\t\t\t<\/div>\n\t\t\t\t<\/div>\n\t\t\t\t<\/div>\n\t\t\t\t<\/div>\n\t\t","protected":false},"excerpt":{"rendered":"<p>Pol\u00edtica de Privacidad 1. Informaci\u00f3n al usuario Cer\u00e1mica Mu\u00f1oz, como responsable del presente sitio web, pone a disposici\u00f3n de los [&hellip;]<\/p>\n","protected":false},"author":1,"featured_media":0,"parent":0,"menu_order":0,"comment_status":"closed","ping_status":"closed","template":"","meta":{"site-sidebar-layout":"no-sidebar","site-content-layout":"","ast-site-content-layout":"full-width-container","site-content-style":"default","site-sidebar-style":"default","ast-global-header-display":"","ast-banner-title-visibility":"","ast-main-header-display":"","ast-hfb-above-header-display":"","ast-hfb-below-header-display":"","ast-hfb-mobile-header-display":"","site-post-title":"disabled","ast-breadcrumbs-content":"","ast-featured-img":"disabled","footer-sml-layout":"","ast-disable-related-posts":"","theme-transparent-header-meta":"","adv-header-id-meta":"","stick-header-meta":"","header-above-stick-meta":"","header-main-stick-meta":"","header-below-stick-meta":"","astra-migrate-meta-layouts":"default","ast-page-background-enabled":"default","ast-page-background-meta":{"desktop":{"background-color":"var(--ast-global-color-5)","background-image":"","background-repeat":"repeat","background-position":"center center","background-size":"auto","background-attachment":"scroll","background-type":"","background-media":"","overlay-type":"","overlay-color":"","overlay-opacity":"","overlay-gradient":""},"tablet":{"background-color":"","background-image":"","background-repeat":"repeat","background-position":"center center","background-size":"auto","background-attachment":"scroll","background-type":"","background-media":"","overlay-type":"","overlay-color":"","overlay-opacity":"","overlay-gradient":""},"mobile":{"background-color":"","background-image":"","background-repeat":"repeat","background-position":"center center","background-size":"auto","background-attachment":"scroll","background-type":"","background-media":"","overlay-type":"","overlay-color":"","overlay-opacity":"","overlay-gradient":""}},"ast-content-background-meta":{"desktop":{"background-color":"var(--ast-global-color-4)","background-image":"","background-repeat":"repeat","background-position":"center center","background-size":"auto","background-attachment":"scroll","background-type":"","background-media":"","overlay-type":"","overlay-color":"","overlay-opacity":"","overlay-gradient":""},"tablet":{"background-color":"var(--ast-global-color-4)","background-image":"","background-repeat":"repeat","background-position":"center center","background-size":"auto","background-attachment":"scroll","background-type":"","background-media":"","overlay-type":"","overlay-color":"","overlay-opacity":"","overlay-gradient":""},"mobile":{"background-color":"var(--ast-global-color-4)","background-image":"","background-repeat":"repeat","background-position":"center center","background-size":"auto","background-attachment":"scroll","background-type":"","background-media":"","overlay-type":"","overlay-color":"","overlay-opacity":"","overlay-gradient":""}},"footnotes":""},"class_list":["post-1100","page","type-page","status-publish","hentry"],"_links":{"self":[{"href":"https:\/\/www.ceramicamunoz.com\/index.php\/wp-json\/wp\/v2\/pages\/1100","targetHints":{"allow":["GET"]}}],"collection":[{"href":"https:\/\/www.ceramicamunoz.com\/index.php\/wp-json\/wp\/v2\/pages"}],"about":[{"href":"https:\/\/www.ceramicamunoz.com\/index.php\/wp-json\/wp\/v2\/types\/page"}],"author":[{"embeddable":true,"href":"https:\/\/www.ceramicamunoz.com\/index.php\/wp-json\/wp\/v2\/users\/1"}],"replies":[{"embeddable":true,"href":"https:\/\/www.ceramicamunoz.com\/index.php\/wp-json\/wp\/v2\/comments?post=1100"}],"version-history":[{"count":16,"href":"https:\/\/www.ceramicamunoz.com\/index.php\/wp-json\/wp\/v2\/pages\/1100\/revisions"}],"predecessor-version":[{"id":1825,"href":"https:\/\/www.ceramicamunoz.com\/index.php\/wp-json\/wp\/v2\/pages\/1100\/revisions\/1825"}],"wp:attachment":[{"href":"https:\/\/www.ceramicamunoz.com\/index.php\/wp-json\/wp\/v2\/media?parent=1100"}],"curies":[{"name":"wp","href":"https:\/\/api.w.org\/{rel}","templated":true}]}}